{"id":5274,"date":"2023-07-13T01:37:54","date_gmt":"2023-07-12T23:37:54","guid":{"rendered":"https:\/\/covisian.com\/work-with-us\/"},"modified":"2025-05-28T10:31:08","modified_gmt":"2025-05-28T08:31:08","slug":"work-with-us","status":"publish","type":"page","link":"https:\/\/covisian.com\/co\/work-with-us\/","title":{"rendered":"Trabaja con nosotros"},"content":{"rendered":"","protected":false},"excerpt":{"rendered":"","protected":false},"author":20,"featured_media":2241,"parent":0,"menu_order":33,"comment_status":"closed","ping_status":"closed","template":"page-work.php","meta":{"_acf_changed":false,"_crdt_document":"","content-type":"","footnotes":""},"industry":[],"class_list":["post-5274","page","type-page","status-publish","has-post-thumbnail","hentry"],"acf":[],"yoast_head":"<!-- This site is optimized with the Yoast SEO plugin v27.0 - https:\/\/yoast.com\/product\/yoast-seo-wordpress\/ -->\n<title>Trabaja con nosotros. Empleos en Colombia - Covisian<\/title>\n<meta name=\"description\" content=\"\u00danete al equipo de Covisian y forma parte de la empresa que est\u00e1 cambiando el mundo del CX. Explora nuestras vacantes aqu\u00ed.\" \/>\n<meta name=\"robots\" content=\"index, follow, max-snippet:-1, max-image-preview:large, max-video-preview:-1\" \/>\n<link rel=\"canonical\" href=\"https:\/\/covisian.com\/co\/wp-json\/wp\/v2\/pages\/5274\" \/>\n<meta property=\"og:locale\" content=\"es_ES\" \/>\n<meta property=\"og:type\" content=\"article\" \/>\n<meta property=\"og:title\" content=\"Trabaja con nosotros. Empleos en Colombia - Covisian\" \/>\n<meta property=\"og:description\" content=\"\u00danete al equipo de Covisian y forma parte de la empresa que est\u00e1 cambiando el mundo del CX. Explora nuestras vacantes aqu\u00ed.\" \/>\n<meta property=\"og:url\" content=\"https:\/\/covisian.com\/co\/work-with-us\/\" \/>\n<meta property=\"og:site_name\" content=\"Covisian\" \/>\n<meta property=\"article:modified_time\" content=\"2025-05-28T08:31:08+00:00\" \/>\n<meta property=\"og:image\" content=\"https:\/\/covisian.com\/wp-content\/uploads\/2023\/07\/work-with-us-2.png\" \/>\n\t<meta property=\"og:image:width\" content=\"442\" \/>\n\t<meta property=\"og:image:height\" content=\"450\" \/>\n\t<meta property=\"og:image:type\" content=\"image\/png\" \/>\n<meta name=\"twitter:card\" content=\"summary_large_image\" \/>\n<meta name=\"twitter:label1\" content=\"Tiempo de lectura\" \/>\n\t<meta name=\"twitter:data1\" content=\"1 minuto\" \/>\n<script type=\"application\/ld+json\" class=\"yoast-schema-graph\">{\"@context\":\"https:\/\/schema.org\",\"@graph\":[{\"@type\":\"WebPage\",\"@id\":\"https:\/\/covisian.com\/co\/work-with-us\/\",\"url\":\"https:\/\/covisian.com\/co\/work-with-us\/\",\"name\":\"Trabaja con nosotros. Empleos en Colombia - Covisian\",\"isPartOf\":{\"@id\":\"https:\/\/covisian.com\/#website\"},\"primaryImageOfPage\":{\"@id\":\"https:\/\/covisian.com\/co\/work-with-us\/#primaryimage\"},\"image\":{\"@id\":\"https:\/\/covisian.com\/co\/work-with-us\/#primaryimage\"},\"thumbnailUrl\":\"https:\/\/covisian.com\/wp-content\/uploads\/2023\/07\/work-with-us-2.png\",\"datePublished\":\"2023-07-12T23:37:54+00:00\",\"dateModified\":\"2025-05-28T08:31:08+00:00\",\"description\":\"\u00danete al equipo de Covisian y forma parte de la empresa que est\u00e1 cambiando el mundo del CX. Explora nuestras vacantes aqu\u00ed.\",\"breadcrumb\":{\"@id\":\"https:\/\/covisian.com\/co\/work-with-us\/#breadcrumb\"},\"inLanguage\":\"es-CO\",\"potentialAction\":[{\"@type\":\"ReadAction\",\"target\":[\"https:\/\/covisian.com\/co\/work-with-us\/\"]}]},{\"@type\":\"ImageObject\",\"inLanguage\":\"es-CO\",\"@id\":\"https:\/\/covisian.com\/co\/work-with-us\/#primaryimage\",\"url\":\"https:\/\/covisian.com\/wp-content\/uploads\/2023\/07\/work-with-us-2.png\",\"contentUrl\":\"https:\/\/covisian.com\/wp-content\/uploads\/2023\/07\/work-with-us-2.png\",\"width\":442,\"height\":450,\"caption\":\"Persona de pie con laptop\"},{\"@type\":\"BreadcrumbList\",\"@id\":\"https:\/\/covisian.com\/co\/work-with-us\/#breadcrumb\",\"itemListElement\":[{\"@type\":\"ListItem\",\"position\":1,\"name\":\"Home\",\"item\":\"https:\/\/covisian.com\/co\/\"},{\"@type\":\"ListItem\",\"position\":2,\"name\":\"Trabaja con nosotros\"}]},{\"@type\":\"WebSite\",\"@id\":\"https:\/\/covisian.com\/#website\",\"url\":\"https:\/\/covisian.com\/\",\"name\":\"Covisian\",\"description\":\"\",\"publisher\":{\"@id\":\"https:\/\/covisian.com\/#organization\"},\"potentialAction\":[{\"@type\":\"SearchAction\",\"target\":{\"@type\":\"EntryPoint\",\"urlTemplate\":\"https:\/\/covisian.com\/?s={search_term_string}\"},\"query-input\":{\"@type\":\"PropertyValueSpecification\",\"valueRequired\":true,\"valueName\":\"search_term_string\"}}],\"inLanguage\":\"es-CO\"},{\"@type\":\"Organization\",\"@id\":\"https:\/\/covisian.com\/#organization\",\"name\":\"Covisian\",\"url\":\"https:\/\/covisian.com\/\",\"logo\":{\"@type\":\"ImageObject\",\"inLanguage\":\"es-CO\",\"@id\":\"https:\/\/covisian.com\/#\/schema\/logo\/image\/\",\"url\":\"https:\/\/covisian.com\/wp-content\/uploads\/2023\/06\/cropped-logo.png\",\"contentUrl\":\"https:\/\/covisian.com\/wp-content\/uploads\/2023\/06\/cropped-logo.png\",\"width\":464,\"height\":89,\"caption\":\"Covisian\"},\"image\":{\"@id\":\"https:\/\/covisian.com\/#\/schema\/logo\/image\/\"}}]}<\/script>\n<!-- \/ Yoast SEO plugin. -->","yoast_head_json":{"title":"Trabaja con nosotros. Empleos en Colombia - Covisian","description":"\u00danete al equipo de Covisian y forma parte de la empresa que est\u00e1 cambiando el mundo del CX. Explora nuestras vacantes aqu\u00ed.","robots":{"index":"index","follow":"follow","max-snippet":"max-snippet:-1","max-image-preview":"max-image-preview:large","max-video-preview":"max-video-preview:-1"},"canonical":"https:\/\/covisian.com\/co\/wp-json\/wp\/v2\/pages\/5274","og_locale":"es_ES","og_type":"article","og_title":"Trabaja con nosotros. Empleos en Colombia - Covisian","og_description":"\u00danete al equipo de Covisian y forma parte de la empresa que est\u00e1 cambiando el mundo del CX. Explora nuestras vacantes aqu\u00ed.","og_url":"https:\/\/covisian.com\/co\/work-with-us\/","og_site_name":"Covisian","article_modified_time":"2025-05-28T08:31:08+00:00","og_image":[{"width":442,"height":450,"url":"https:\/\/covisian.com\/wp-content\/uploads\/2023\/07\/work-with-us-2.png","type":"image\/png"}],"twitter_card":"summary_large_image","twitter_misc":{"Tiempo de lectura":"1 minuto"},"schema":{"@context":"https:\/\/schema.org","@graph":[{"@type":"WebPage","@id":"https:\/\/covisian.com\/co\/work-with-us\/","url":"https:\/\/covisian.com\/co\/work-with-us\/","name":"Trabaja con nosotros. Empleos en Colombia - Covisian","isPartOf":{"@id":"https:\/\/covisian.com\/#website"},"primaryImageOfPage":{"@id":"https:\/\/covisian.com\/co\/work-with-us\/#primaryimage"},"image":{"@id":"https:\/\/covisian.com\/co\/work-with-us\/#primaryimage"},"thumbnailUrl":"https:\/\/covisian.com\/wp-content\/uploads\/2023\/07\/work-with-us-2.png","datePublished":"2023-07-12T23:37:54+00:00","dateModified":"2025-05-28T08:31:08+00:00","description":"\u00danete al equipo de Covisian y forma parte de la empresa que est\u00e1 cambiando el mundo del CX. Explora nuestras vacantes aqu\u00ed.","breadcrumb":{"@id":"https:\/\/covisian.com\/co\/work-with-us\/#breadcrumb"},"inLanguage":"es-CO","potentialAction":[{"@type":"ReadAction","target":["https:\/\/covisian.com\/co\/work-with-us\/"]}]},{"@type":"ImageObject","inLanguage":"es-CO","@id":"https:\/\/covisian.com\/co\/work-with-us\/#primaryimage","url":"https:\/\/covisian.com\/wp-content\/uploads\/2023\/07\/work-with-us-2.png","contentUrl":"https:\/\/covisian.com\/wp-content\/uploads\/2023\/07\/work-with-us-2.png","width":442,"height":450,"caption":"Persona de pie con laptop"},{"@type":"BreadcrumbList","@id":"https:\/\/covisian.com\/co\/work-with-us\/#breadcrumb","itemListElement":[{"@type":"ListItem","position":1,"name":"Home","item":"https:\/\/covisian.com\/co\/"},{"@type":"ListItem","position":2,"name":"Trabaja con nosotros"}]},{"@type":"WebSite","@id":"https:\/\/covisian.com\/#website","url":"https:\/\/covisian.com\/","name":"Covisian","description":"","publisher":{"@id":"https:\/\/covisian.com\/#organization"},"potentialAction":[{"@type":"SearchAction","target":{"@type":"EntryPoint","urlTemplate":"https:\/\/covisian.com\/?s={search_term_string}"},"query-input":{"@type":"PropertyValueSpecification","valueRequired":true,"valueName":"search_term_string"}}],"inLanguage":"es-CO"},{"@type":"Organization","@id":"https:\/\/covisian.com\/#organization","name":"Covisian","url":"https:\/\/covisian.com\/","logo":{"@type":"ImageObject","inLanguage":"es-CO","@id":"https:\/\/covisian.com\/#\/schema\/logo\/image\/","url":"https:\/\/covisian.com\/wp-content\/uploads\/2023\/06\/cropped-logo.png","contentUrl":"https:\/\/covisian.com\/wp-content\/uploads\/2023\/06\/cropped-logo.png","width":464,"height":89,"caption":"Covisian"},"image":{"@id":"https:\/\/covisian.com\/#\/schema\/logo\/image\/"}}]}},"jetpack_sharing_enabled":true,"_links":{"self":[{"href":"https:\/\/covisian.com\/co\/wp-json\/wp\/v2\/pages\/5274","targetHints":{"allow":["GET"]}}],"collection":[{"href":"https:\/\/covisian.com\/co\/wp-json\/wp\/v2\/pages"}],"about":[{"href":"https:\/\/covisian.com\/co\/wp-json\/wp\/v2\/types\/page"}],"author":[{"embeddable":true,"href":"https:\/\/covisian.com\/co\/wp-json\/wp\/v2\/users\/20"}],"replies":[{"embeddable":true,"href":"https:\/\/covisian.com\/co\/wp-json\/wp\/v2\/comments?post=5274"}],"version-history":[{"count":6,"href":"https:\/\/covisian.com\/co\/wp-json\/wp\/v2\/pages\/5274\/revisions"}],"predecessor-version":[{"id":16857,"href":"https:\/\/covisian.com\/co\/wp-json\/wp\/v2\/pages\/5274\/revisions\/16857"}],"wp:featuredmedia":[{"embeddable":true,"href":"https:\/\/covisian.com\/co\/wp-json\/wp\/v2\/media\/2241"}],"wp:attachment":[{"href":"https:\/\/covisian.com\/co\/wp-json\/wp\/v2\/media?parent=5274"}],"wp:term":[{"taxonomy":"industry","embeddable":true,"href":"https:\/\/covisian.com\/co\/wp-json\/wp\/v2\/industry?post=5274"}],"curies":[{"name":"wp","href":"https:\/\/api.w.org\/{rel}","templated":true}]}}