{"id":4683,"date":"2023-06-27T14:54:34","date_gmt":"2023-06-27T12:54:34","guid":{"rendered":"https:\/\/covisian.com\/about\/"},"modified":"2024-12-11T16:13:23","modified_gmt":"2024-12-11T14:13:23","slug":"sobre-nosotros","status":"publish","type":"page","link":"https:\/\/covisian.com\/es\/sobre-nosotros\/","title":{"rendered":"Sobre nosotros"},"content":{"rendered":"","protected":false},"excerpt":{"rendered":"","protected":false},"author":20,"featured_media":4566,"parent":0,"menu_order":1,"comment_status":"closed","ping_status":"closed","template":"page-about.php","meta":{"_acf_changed":false,"_crdt_document":"","content-type":"","footnotes":""},"industry":[],"class_list":["post-4683","page","type-page","status-publish","has-post-thumbnail","hentry"],"acf":[],"yoast_head":"<!-- This site is optimized with the Yoast SEO plugin v27.3 - https:\/\/yoast.com\/product\/yoast-seo-wordpress\/ -->\n<title>Sobre Nosotros \u00b7 Covisian Tech Peoples Smiles<\/title>\n<meta name=\"description\" content=\"Conoce toda la informaci\u00f3n acerca de Covisian: servicios, productos, sector en los que operamos, novedades, contacto, etc. M\u00e1s informaci\u00f3n en la web.\" \/>\n<meta name=\"robots\" content=\"index, follow, max-snippet:-1, max-image-preview:large, max-video-preview:-1\" \/>\n<link rel=\"canonical\" href=\"https:\/\/covisian.com\/es\/wp-json\/wp\/v2\/pages\/4683\" \/>\n<meta property=\"og:locale\" content=\"es_ES\" \/>\n<meta property=\"og:type\" content=\"article\" \/>\n<meta property=\"og:title\" content=\"Sobre Nosotros \u00b7 Covisian Tech Peoples Smiles\" \/>\n<meta property=\"og:description\" content=\"Conoce toda la informaci\u00f3n acerca de Covisian: servicios, productos, sector en los que operamos, novedades, contacto, etc. M\u00e1s informaci\u00f3n en la web.\" \/>\n<meta property=\"og:url\" content=\"https:\/\/covisian.com\/es\/sobre-nosotros\/\" \/>\n<meta property=\"og:site_name\" content=\"Covisian\" \/>\n<meta property=\"article:modified_time\" content=\"2024-12-11T14:13:23+00:00\" \/>\n<meta property=\"og:image\" content=\"https:\/\/covisian.com\/wp-content\/uploads\/2023\/09\/About-3.png\" \/>\n\t<meta property=\"og:image:width\" content=\"624\" \/>\n\t<meta property=\"og:image:height\" content=\"450\" \/>\n\t<meta property=\"og:image:type\" content=\"image\/png\" \/>\n<meta name=\"twitter:card\" content=\"summary_large_image\" \/>\n<meta name=\"twitter:label1\" content=\"Tiempo de lectura\" \/>\n\t<meta name=\"twitter:data1\" content=\"1 minuto\" \/>\n<script type=\"application\/ld+json\" class=\"yoast-schema-graph\">{\"@context\":\"https:\\\/\\\/schema.org\",\"@graph\":[{\"@type\":\"WebPage\",\"@id\":\"https:\\\/\\\/covisian.com\\\/es\\\/sobre-nosotros\\\/\",\"url\":\"https:\\\/\\\/covisian.com\\\/es\\\/sobre-nosotros\\\/\",\"name\":\"Sobre Nosotros \u00b7 Covisian Tech Peoples Smiles\",\"isPartOf\":{\"@id\":\"https:\\\/\\\/covisian.com\\\/#website\"},\"primaryImageOfPage\":{\"@id\":\"https:\\\/\\\/covisian.com\\\/es\\\/sobre-nosotros\\\/#primaryimage\"},\"image\":{\"@id\":\"https:\\\/\\\/covisian.com\\\/es\\\/sobre-nosotros\\\/#primaryimage\"},\"thumbnailUrl\":\"https:\\\/\\\/covisian.com\\\/wp-content\\\/uploads\\\/2023\\\/09\\\/About-3.png\",\"datePublished\":\"2023-06-27T12:54:34+00:00\",\"dateModified\":\"2024-12-11T14:13:23+00:00\",\"description\":\"Conoce toda la informaci\u00f3n acerca de Covisian: servicios, productos, sector en los que operamos, novedades, contacto, etc. M\u00e1s informaci\u00f3n en la web.\",\"breadcrumb\":{\"@id\":\"https:\\\/\\\/covisian.com\\\/es\\\/sobre-nosotros\\\/#breadcrumb\"},\"inLanguage\":\"es\",\"potentialAction\":[{\"@type\":\"ReadAction\",\"target\":[\"https:\\\/\\\/covisian.com\\\/es\\\/sobre-nosotros\\\/\"]}]},{\"@type\":\"ImageObject\",\"inLanguage\":\"es\",\"@id\":\"https:\\\/\\\/covisian.com\\\/es\\\/sobre-nosotros\\\/#primaryimage\",\"url\":\"https:\\\/\\\/covisian.com\\\/wp-content\\\/uploads\\\/2023\\\/09\\\/About-3.png\",\"contentUrl\":\"https:\\\/\\\/covisian.com\\\/wp-content\\\/uploads\\\/2023\\\/09\\\/About-3.png\",\"width\":624,\"height\":450,\"caption\":\"Familia alegre\"},{\"@type\":\"BreadcrumbList\",\"@id\":\"https:\\\/\\\/covisian.com\\\/es\\\/sobre-nosotros\\\/#breadcrumb\",\"itemListElement\":[{\"@type\":\"ListItem\",\"position\":1,\"name\":\"Home\",\"item\":\"https:\\\/\\\/covisian.com\\\/es\\\/\"},{\"@type\":\"ListItem\",\"position\":2,\"name\":\"Sobre nosotros\"}]},{\"@type\":\"WebSite\",\"@id\":\"https:\\\/\\\/covisian.com\\\/#website\",\"url\":\"https:\\\/\\\/covisian.com\\\/\",\"name\":\"Covisian\",\"description\":\"\",\"publisher\":{\"@id\":\"https:\\\/\\\/covisian.com\\\/#organization\"},\"potentialAction\":[{\"@type\":\"SearchAction\",\"target\":{\"@type\":\"EntryPoint\",\"urlTemplate\":\"https:\\\/\\\/covisian.com\\\/?s={search_term_string}\"},\"query-input\":{\"@type\":\"PropertyValueSpecification\",\"valueRequired\":true,\"valueName\":\"search_term_string\"}}],\"inLanguage\":\"es\"},{\"@type\":\"Organization\",\"@id\":\"https:\\\/\\\/covisian.com\\\/#organization\",\"name\":\"Covisian\",\"url\":\"https:\\\/\\\/covisian.com\\\/\",\"logo\":{\"@type\":\"ImageObject\",\"inLanguage\":\"es\",\"@id\":\"https:\\\/\\\/covisian.com\\\/#\\\/schema\\\/logo\\\/image\\\/\",\"url\":\"https:\\\/\\\/covisian.com\\\/wp-content\\\/uploads\\\/2023\\\/06\\\/cropped-logo.png\",\"contentUrl\":\"https:\\\/\\\/covisian.com\\\/wp-content\\\/uploads\\\/2023\\\/06\\\/cropped-logo.png\",\"width\":464,\"height\":89,\"caption\":\"Covisian\"},\"image\":{\"@id\":\"https:\\\/\\\/covisian.com\\\/#\\\/schema\\\/logo\\\/image\\\/\"}}]}<\/script>\n<!-- \/ Yoast SEO plugin. -->","yoast_head_json":{"title":"Sobre Nosotros \u00b7 Covisian Tech Peoples Smiles","description":"Conoce toda la informaci\u00f3n acerca de Covisian: servicios, productos, sector en los que operamos, novedades, contacto, etc. M\u00e1s informaci\u00f3n en la web.","robots":{"index":"index","follow":"follow","max-snippet":"max-snippet:-1","max-image-preview":"max-image-preview:large","max-video-preview":"max-video-preview:-1"},"canonical":"https:\/\/covisian.com\/es\/wp-json\/wp\/v2\/pages\/4683","og_locale":"es_ES","og_type":"article","og_title":"Sobre Nosotros \u00b7 Covisian Tech Peoples Smiles","og_description":"Conoce toda la informaci\u00f3n acerca de Covisian: servicios, productos, sector en los que operamos, novedades, contacto, etc. M\u00e1s informaci\u00f3n en la web.","og_url":"https:\/\/covisian.com\/es\/sobre-nosotros\/","og_site_name":"Covisian","article_modified_time":"2024-12-11T14:13:23+00:00","og_image":[{"width":624,"height":450,"url":"https:\/\/covisian.com\/wp-content\/uploads\/2023\/09\/About-3.png","type":"image\/png"}],"twitter_card":"summary_large_image","twitter_misc":{"Tiempo de lectura":"1 minuto"},"schema":{"@context":"https:\/\/schema.org","@graph":[{"@type":"WebPage","@id":"https:\/\/covisian.com\/es\/sobre-nosotros\/","url":"https:\/\/covisian.com\/es\/sobre-nosotros\/","name":"Sobre Nosotros \u00b7 Covisian Tech Peoples Smiles","isPartOf":{"@id":"https:\/\/covisian.com\/#website"},"primaryImageOfPage":{"@id":"https:\/\/covisian.com\/es\/sobre-nosotros\/#primaryimage"},"image":{"@id":"https:\/\/covisian.com\/es\/sobre-nosotros\/#primaryimage"},"thumbnailUrl":"https:\/\/covisian.com\/wp-content\/uploads\/2023\/09\/About-3.png","datePublished":"2023-06-27T12:54:34+00:00","dateModified":"2024-12-11T14:13:23+00:00","description":"Conoce toda la informaci\u00f3n acerca de Covisian: servicios, productos, sector en los que operamos, novedades, contacto, etc. M\u00e1s informaci\u00f3n en la web.","breadcrumb":{"@id":"https:\/\/covisian.com\/es\/sobre-nosotros\/#breadcrumb"},"inLanguage":"es","potentialAction":[{"@type":"ReadAction","target":["https:\/\/covisian.com\/es\/sobre-nosotros\/"]}]},{"@type":"ImageObject","inLanguage":"es","@id":"https:\/\/covisian.com\/es\/sobre-nosotros\/#primaryimage","url":"https:\/\/covisian.com\/wp-content\/uploads\/2023\/09\/About-3.png","contentUrl":"https:\/\/covisian.com\/wp-content\/uploads\/2023\/09\/About-3.png","width":624,"height":450,"caption":"Familia alegre"},{"@type":"BreadcrumbList","@id":"https:\/\/covisian.com\/es\/sobre-nosotros\/#breadcrumb","itemListElement":[{"@type":"ListItem","position":1,"name":"Home","item":"https:\/\/covisian.com\/es\/"},{"@type":"ListItem","position":2,"name":"Sobre nosotros"}]},{"@type":"WebSite","@id":"https:\/\/covisian.com\/#website","url":"https:\/\/covisian.com\/","name":"Covisian","description":"","publisher":{"@id":"https:\/\/covisian.com\/#organization"},"potentialAction":[{"@type":"SearchAction","target":{"@type":"EntryPoint","urlTemplate":"https:\/\/covisian.com\/?s={search_term_string}"},"query-input":{"@type":"PropertyValueSpecification","valueRequired":true,"valueName":"search_term_string"}}],"inLanguage":"es"},{"@type":"Organization","@id":"https:\/\/covisian.com\/#organization","name":"Covisian","url":"https:\/\/covisian.com\/","logo":{"@type":"ImageObject","inLanguage":"es","@id":"https:\/\/covisian.com\/#\/schema\/logo\/image\/","url":"https:\/\/covisian.com\/wp-content\/uploads\/2023\/06\/cropped-logo.png","contentUrl":"https:\/\/covisian.com\/wp-content\/uploads\/2023\/06\/cropped-logo.png","width":464,"height":89,"caption":"Covisian"},"image":{"@id":"https:\/\/covisian.com\/#\/schema\/logo\/image\/"}}]}},"jetpack_sharing_enabled":true,"_links":{"self":[{"href":"https:\/\/covisian.com\/es\/wp-json\/wp\/v2\/pages\/4683","targetHints":{"allow":["GET"]}}],"collection":[{"href":"https:\/\/covisian.com\/es\/wp-json\/wp\/v2\/pages"}],"about":[{"href":"https:\/\/covisian.com\/es\/wp-json\/wp\/v2\/types\/page"}],"author":[{"embeddable":true,"href":"https:\/\/covisian.com\/es\/wp-json\/wp\/v2\/users\/20"}],"replies":[{"embeddable":true,"href":"https:\/\/covisian.com\/es\/wp-json\/wp\/v2\/comments?post=4683"}],"version-history":[{"count":16,"href":"https:\/\/covisian.com\/es\/wp-json\/wp\/v2\/pages\/4683\/revisions"}],"predecessor-version":[{"id":14149,"href":"https:\/\/covisian.com\/es\/wp-json\/wp\/v2\/pages\/4683\/revisions\/14149"}],"wp:featuredmedia":[{"embeddable":true,"href":"https:\/\/covisian.com\/es\/wp-json\/wp\/v2\/media\/4566"}],"wp:attachment":[{"href":"https:\/\/covisian.com\/es\/wp-json\/wp\/v2\/media?parent=4683"}],"wp:term":[{"taxonomy":"industry","embeddable":true,"href":"https:\/\/covisian.com\/es\/wp-json\/wp\/v2\/industry?post=4683"}],"curies":[{"name":"wp","href":"https:\/\/api.w.org\/{rel}","templated":true}]}}