{"id":4807,"date":"2023-07-27T10:44:26","date_gmt":"2023-07-27T08:44:26","guid":{"rendered":"https:\/\/covisian.com\/initiatives\/academy\/"},"modified":"2024-05-27T12:58:06","modified_gmt":"2024-05-27T10:58:06","slug":"academy","status":"publish","type":"page","link":"https:\/\/covisian.com\/es\/insights\/initiatives\/academy\/","title":{"rendered":"Academy"},"content":{"rendered":"","protected":false},"excerpt":{"rendered":"","protected":false},"author":20,"featured_media":1101,"parent":4795,"menu_order":8,"comment_status":"closed","ping_status":"closed","template":"page-academy.php","meta":{"_acf_changed":false,"_crdt_document":"","content-type":"","footnotes":""},"industry":[],"class_list":["post-4807","page","type-page","status-publish","has-post-thumbnail","hentry"],"acf":[],"yoast_head":"<!-- This site is optimized with the Yoast SEO plugin v26.8 - https:\/\/yoast.com\/product\/yoast-seo-wordpress\/ -->\n<title>Iniciativa Academy \u00b7 Covisian Tech Peoples Smiles<\/title>\n<meta name=\"description\" content=\"Inf\u00f3rmate sobre la iniciativa Covisian Academy. Una escuela de gesti\u00f3n de clientes con profesorado experto. Obt\u00e9n m\u00e1s informaci\u00f3n en la web de Covisian.\" \/>\n<meta name=\"robots\" content=\"index, follow, max-snippet:-1, max-image-preview:large, max-video-preview:-1\" \/>\n<link rel=\"canonical\" href=\"https:\/\/covisian.com\/es\/wp-json\/wp\/v2\/pages\/4807\" \/>\n<meta property=\"og:locale\" content=\"es_ES\" \/>\n<meta property=\"og:type\" content=\"article\" \/>\n<meta property=\"og:title\" content=\"Iniciativa Academy \u00b7 Covisian Tech Peoples Smiles\" \/>\n<meta property=\"og:description\" content=\"Inf\u00f3rmate sobre la iniciativa Covisian Academy. Una escuela de gesti\u00f3n de clientes con profesorado experto. Obt\u00e9n m\u00e1s informaci\u00f3n en la web de Covisian.\" \/>\n<meta property=\"og:url\" content=\"https:\/\/covisian.com\/es\/insights\/initiatives\/academy\/\" \/>\n<meta property=\"og:site_name\" content=\"Covisian\" \/>\n<meta property=\"article:modified_time\" content=\"2024-05-27T10:58:06+00:00\" \/>\n<meta property=\"og:image\" content=\"https:\/\/covisian.com\/wp-content\/uploads\/2023\/07\/academy-scontornata.png\" \/>\n\t<meta property=\"og:image:width\" content=\"400\" \/>\n\t<meta property=\"og:image:height\" content=\"409\" \/>\n\t<meta property=\"og:image:type\" content=\"image\/png\" \/>\n<meta name=\"twitter:card\" content=\"summary_large_image\" \/>\n<meta name=\"twitter:label1\" content=\"Tiempo de lectura\" \/>\n\t<meta name=\"twitter:data1\" content=\"1 minuto\" \/>\n<script type=\"application\/ld+json\" class=\"yoast-schema-graph\">{\"@context\":\"https:\/\/schema.org\",\"@graph\":[{\"@type\":\"WebPage\",\"@id\":\"https:\/\/covisian.com\/es\/insights\/initiatives\/academy\/\",\"url\":\"https:\/\/covisian.com\/es\/insights\/initiatives\/academy\/\",\"name\":\"Iniciativa Academy \u00b7 Covisian Tech Peoples Smiles\",\"isPartOf\":{\"@id\":\"https:\/\/covisian.com\/#website\"},\"primaryImageOfPage\":{\"@id\":\"https:\/\/covisian.com\/es\/insights\/initiatives\/academy\/#primaryimage\"},\"image\":{\"@id\":\"https:\/\/covisian.com\/es\/insights\/initiatives\/academy\/#primaryimage\"},\"thumbnailUrl\":\"https:\/\/covisian.com\/wp-content\/uploads\/2023\/07\/academy-scontornata.png\",\"datePublished\":\"2023-07-27T08:44:26+00:00\",\"dateModified\":\"2024-05-27T10:58:06+00:00\",\"description\":\"Inf\u00f3rmate sobre la iniciativa Covisian Academy. Una escuela de gesti\u00f3n de clientes con profesorado experto. Obt\u00e9n m\u00e1s informaci\u00f3n en la web de Covisian.\",\"breadcrumb\":{\"@id\":\"https:\/\/covisian.com\/es\/insights\/initiatives\/academy\/#breadcrumb\"},\"inLanguage\":\"es\",\"potentialAction\":[{\"@type\":\"ReadAction\",\"target\":[\"https:\/\/covisian.com\/es\/insights\/initiatives\/academy\/\"]}]},{\"@type\":\"ImageObject\",\"inLanguage\":\"es\",\"@id\":\"https:\/\/covisian.com\/es\/insights\/initiatives\/academy\/#primaryimage\",\"url\":\"https:\/\/covisian.com\/wp-content\/uploads\/2023\/07\/academy-scontornata.png\",\"contentUrl\":\"https:\/\/covisian.com\/wp-content\/uploads\/2023\/07\/academy-scontornata.png\",\"width\":400,\"height\":409,\"caption\":\"Covisian Academy\"},{\"@type\":\"BreadcrumbList\",\"@id\":\"https:\/\/covisian.com\/es\/insights\/initiatives\/academy\/#breadcrumb\",\"itemListElement\":[{\"@type\":\"ListItem\",\"position\":1,\"name\":\"Home\",\"item\":\"https:\/\/covisian.com\/es\/\"},{\"@type\":\"ListItem\",\"position\":2,\"name\":\"Insights\",\"item\":\"https:\/\/covisian.com\/es\/insights\/\"},{\"@type\":\"ListItem\",\"position\":3,\"name\":\"Iniciativas\",\"item\":\"https:\/\/covisian.com\/es\/insights\/initiatives\/\"},{\"@type\":\"ListItem\",\"position\":4,\"name\":\"Academy\"}]},{\"@type\":\"WebSite\",\"@id\":\"https:\/\/covisian.com\/#website\",\"url\":\"https:\/\/covisian.com\/\",\"name\":\"Covisian\",\"description\":\"\",\"publisher\":{\"@id\":\"https:\/\/covisian.com\/#organization\"},\"potentialAction\":[{\"@type\":\"SearchAction\",\"target\":{\"@type\":\"EntryPoint\",\"urlTemplate\":\"https:\/\/covisian.com\/?s={search_term_string}\"},\"query-input\":{\"@type\":\"PropertyValueSpecification\",\"valueRequired\":true,\"valueName\":\"search_term_string\"}}],\"inLanguage\":\"es\"},{\"@type\":\"Organization\",\"@id\":\"https:\/\/covisian.com\/#organization\",\"name\":\"Covisian\",\"url\":\"https:\/\/covisian.com\/\",\"logo\":{\"@type\":\"ImageObject\",\"inLanguage\":\"es\",\"@id\":\"https:\/\/covisian.com\/#\/schema\/logo\/image\/\",\"url\":\"https:\/\/covisian.com\/wp-content\/uploads\/2023\/06\/cropped-logo.png\",\"contentUrl\":\"https:\/\/covisian.com\/wp-content\/uploads\/2023\/06\/cropped-logo.png\",\"width\":464,\"height\":89,\"caption\":\"Covisian\"},\"image\":{\"@id\":\"https:\/\/covisian.com\/#\/schema\/logo\/image\/\"}}]}<\/script>\n<!-- \/ Yoast SEO plugin. -->","yoast_head_json":{"title":"Iniciativa Academy \u00b7 Covisian Tech Peoples Smiles","description":"Inf\u00f3rmate sobre la iniciativa Covisian Academy. Una escuela de gesti\u00f3n de clientes con profesorado experto. Obt\u00e9n m\u00e1s informaci\u00f3n en la web de Covisian.","robots":{"index":"index","follow":"follow","max-snippet":"max-snippet:-1","max-image-preview":"max-image-preview:large","max-video-preview":"max-video-preview:-1"},"canonical":"https:\/\/covisian.com\/es\/wp-json\/wp\/v2\/pages\/4807","og_locale":"es_ES","og_type":"article","og_title":"Iniciativa Academy \u00b7 Covisian Tech Peoples Smiles","og_description":"Inf\u00f3rmate sobre la iniciativa Covisian Academy. Una escuela de gesti\u00f3n de clientes con profesorado experto. Obt\u00e9n m\u00e1s informaci\u00f3n en la web de Covisian.","og_url":"https:\/\/covisian.com\/es\/insights\/initiatives\/academy\/","og_site_name":"Covisian","article_modified_time":"2024-05-27T10:58:06+00:00","og_image":[{"width":400,"height":409,"url":"https:\/\/covisian.com\/wp-content\/uploads\/2023\/07\/academy-scontornata.png","type":"image\/png"}],"twitter_card":"summary_large_image","twitter_misc":{"Tiempo de lectura":"1 minuto"},"schema":{"@context":"https:\/\/schema.org","@graph":[{"@type":"WebPage","@id":"https:\/\/covisian.com\/es\/insights\/initiatives\/academy\/","url":"https:\/\/covisian.com\/es\/insights\/initiatives\/academy\/","name":"Iniciativa Academy \u00b7 Covisian Tech Peoples Smiles","isPartOf":{"@id":"https:\/\/covisian.com\/#website"},"primaryImageOfPage":{"@id":"https:\/\/covisian.com\/es\/insights\/initiatives\/academy\/#primaryimage"},"image":{"@id":"https:\/\/covisian.com\/es\/insights\/initiatives\/academy\/#primaryimage"},"thumbnailUrl":"https:\/\/covisian.com\/wp-content\/uploads\/2023\/07\/academy-scontornata.png","datePublished":"2023-07-27T08:44:26+00:00","dateModified":"2024-05-27T10:58:06+00:00","description":"Inf\u00f3rmate sobre la iniciativa Covisian Academy. Una escuela de gesti\u00f3n de clientes con profesorado experto. Obt\u00e9n m\u00e1s informaci\u00f3n en la web de Covisian.","breadcrumb":{"@id":"https:\/\/covisian.com\/es\/insights\/initiatives\/academy\/#breadcrumb"},"inLanguage":"es","potentialAction":[{"@type":"ReadAction","target":["https:\/\/covisian.com\/es\/insights\/initiatives\/academy\/"]}]},{"@type":"ImageObject","inLanguage":"es","@id":"https:\/\/covisian.com\/es\/insights\/initiatives\/academy\/#primaryimage","url":"https:\/\/covisian.com\/wp-content\/uploads\/2023\/07\/academy-scontornata.png","contentUrl":"https:\/\/covisian.com\/wp-content\/uploads\/2023\/07\/academy-scontornata.png","width":400,"height":409,"caption":"Covisian Academy"},{"@type":"BreadcrumbList","@id":"https:\/\/covisian.com\/es\/insights\/initiatives\/academy\/#breadcrumb","itemListElement":[{"@type":"ListItem","position":1,"name":"Home","item":"https:\/\/covisian.com\/es\/"},{"@type":"ListItem","position":2,"name":"Insights","item":"https:\/\/covisian.com\/es\/insights\/"},{"@type":"ListItem","position":3,"name":"Iniciativas","item":"https:\/\/covisian.com\/es\/insights\/initiatives\/"},{"@type":"ListItem","position":4,"name":"Academy"}]},{"@type":"WebSite","@id":"https:\/\/covisian.com\/#website","url":"https:\/\/covisian.com\/","name":"Covisian","description":"","publisher":{"@id":"https:\/\/covisian.com\/#organization"},"potentialAction":[{"@type":"SearchAction","target":{"@type":"EntryPoint","urlTemplate":"https:\/\/covisian.com\/?s={search_term_string}"},"query-input":{"@type":"PropertyValueSpecification","valueRequired":true,"valueName":"search_term_string"}}],"inLanguage":"es"},{"@type":"Organization","@id":"https:\/\/covisian.com\/#organization","name":"Covisian","url":"https:\/\/covisian.com\/","logo":{"@type":"ImageObject","inLanguage":"es","@id":"https:\/\/covisian.com\/#\/schema\/logo\/image\/","url":"https:\/\/covisian.com\/wp-content\/uploads\/2023\/06\/cropped-logo.png","contentUrl":"https:\/\/covisian.com\/wp-content\/uploads\/2023\/06\/cropped-logo.png","width":464,"height":89,"caption":"Covisian"},"image":{"@id":"https:\/\/covisian.com\/#\/schema\/logo\/image\/"}}]}},"jetpack_sharing_enabled":true,"_links":{"self":[{"href":"https:\/\/covisian.com\/es\/wp-json\/wp\/v2\/pages\/4807","targetHints":{"allow":["GET"]}}],"collection":[{"href":"https:\/\/covisian.com\/es\/wp-json\/wp\/v2\/pages"}],"about":[{"href":"https:\/\/covisian.com\/es\/wp-json\/wp\/v2\/types\/page"}],"author":[{"embeddable":true,"href":"https:\/\/covisian.com\/es\/wp-json\/wp\/v2\/users\/20"}],"replies":[{"embeddable":true,"href":"https:\/\/covisian.com\/es\/wp-json\/wp\/v2\/comments?post=4807"}],"version-history":[{"count":14,"href":"https:\/\/covisian.com\/es\/wp-json\/wp\/v2\/pages\/4807\/revisions"}],"predecessor-version":[{"id":10290,"href":"https:\/\/covisian.com\/es\/wp-json\/wp\/v2\/pages\/4807\/revisions\/10290"}],"up":[{"embeddable":true,"href":"https:\/\/covisian.com\/es\/wp-json\/wp\/v2\/pages\/4795"}],"wp:featuredmedia":[{"embeddable":true,"href":"https:\/\/covisian.com\/es\/wp-json\/wp\/v2\/media\/1101"}],"wp:attachment":[{"href":"https:\/\/covisian.com\/es\/wp-json\/wp\/v2\/media?parent=4807"}],"wp:term":[{"taxonomy":"industry","embeddable":true,"href":"https:\/\/covisian.com\/es\/wp-json\/wp\/v2\/industry?post=4807"}],"curies":[{"name":"wp","href":"https:\/\/api.w.org\/{rel}","templated":true}]}}