{"id":9198,"date":"2024-04-18T13:11:09","date_gmt":"2024-04-18T11:11:09","guid":{"rendered":"https:\/\/covisian.com\/product\/smile-cx-pro\/"},"modified":"2024-10-24T08:47:57","modified_gmt":"2024-10-24T06:47:57","slug":"smile-cx-pro","status":"publish","type":"product","link":"https:\/\/covisian.com\/es\/product\/smile-cx-pro\/","title":{"rendered":"smile.cx PRO SW"},"content":{"rendered":"\n<p class=\"wp-block-paragraph\"><strong>El enfoque innovador para revolucionar la gesti\u00f3n de clientes.<\/strong><\/p>\n\n<p class=\"wp-block-paragraph\">En la era de la tecnolog\u00eda de vanguardia, las empresas se enfrentan a un dilema: \u00bfevolucionar hacia interacciones impulsadas por la tecnolog\u00eda y sacrificar el toque humano en favor de la eficiencia, o buscar el equilibrio perfecto?<\/p>\n\n<p class=\"wp-block-paragraph\">Covisian ofrece un enfoque innovador para revolucionar la gesti\u00f3n de los clientes combinando la experiencia humana con la inteligencia artificial generativa. Esta innovadora soluci\u00f3n no solo amplifica la inteligencia humana y la empat\u00eda, sino que tambi\u00e9n aprovecha la eficiencia de la IA, garantizando unas experiencias de cliente inigualables. Los agentes supervisan las interacciones de los clientes en tiempo real y el uso de la IA desde un centro de mando central, lo que les permite orquestar bots especializados para optimizar los procesos. Este enfoque transformador redefine el papel de los agentes como CX Pros, centr\u00e1ndose en los KPI de negocio y ofreciendo experiencias personalizadas a cada cliente.<\/p>\n","protected":false},"featured_media":0,"parent":0,"menu_order":0,"template":"","product_category":[632],"class_list":["post-9198","product","type-product","status-publish","hentry"],"acf":[],"yoast_head":"<!-- This site is optimized with the Yoast SEO plugin v27.4 - https:\/\/yoast.com\/product\/yoast-seo-wordpress\/ -->\n<title>SMILE CX PRO SW - Covisian<\/title>\n<meta name=\"description\" content=\"Descubre el nuestro producto Smile CX Pro. El enfoque innovador para revolucionar la gesti\u00f3n de clientes con funci\u00f3n de copiloto, resumen en tiempo real, adherencia.\" \/>\n<meta name=\"robots\" content=\"index, follow, max-snippet:-1, max-image-preview:large, max-video-preview:-1\" \/>\n<link rel=\"canonical\" href=\"https:\/\/covisian.com\/es\/wp-json\/wp\/v2\/product\/9198\" \/>\n<meta property=\"og:locale\" content=\"es_ES\" \/>\n<meta property=\"og:type\" content=\"article\" \/>\n<meta property=\"og:title\" content=\"SMILE CX PRO SW - Covisian\" \/>\n<meta property=\"og:description\" content=\"Descubre el nuestro producto Smile CX Pro. El enfoque innovador para revolucionar la gesti\u00f3n de clientes con funci\u00f3n de copiloto, resumen en tiempo real, adherencia.\" \/>\n<meta property=\"og:url\" content=\"https:\/\/covisian.com\/es\/product\/smile-cx-pro\/\" \/>\n<meta property=\"og:site_name\" content=\"Covisian\" \/>\n<meta property=\"article:modified_time\" content=\"2024-10-24T06:47:57+00:00\" \/>\n<meta name=\"twitter:card\" content=\"summary_large_image\" \/>\n<meta name=\"twitter:label1\" content=\"Tiempo de lectura\" \/>\n\t<meta name=\"twitter:data1\" content=\"1 minuto\" \/>\n<script type=\"application\/ld+json\" class=\"yoast-schema-graph\">{\"@context\":\"https:\\\/\\\/schema.org\",\"@graph\":[{\"@type\":\"WebPage\",\"@id\":\"https:\\\/\\\/covisian.com\\\/es\\\/product\\\/smile-cx-pro\\\/\",\"url\":\"https:\\\/\\\/covisian.com\\\/es\\\/product\\\/smile-cx-pro\\\/\",\"name\":\"SMILE CX PRO SW - Covisian\",\"isPartOf\":{\"@id\":\"https:\\\/\\\/covisian.com\\\/#website\"},\"datePublished\":\"2024-04-18T11:11:09+00:00\",\"dateModified\":\"2024-10-24T06:47:57+00:00\",\"description\":\"Descubre el nuestro producto Smile CX Pro. El enfoque innovador para revolucionar la gesti\u00f3n de clientes con funci\u00f3n de copiloto, resumen en tiempo real, adherencia.\",\"breadcrumb\":{\"@id\":\"https:\\\/\\\/covisian.com\\\/es\\\/product\\\/smile-cx-pro\\\/#breadcrumb\"},\"inLanguage\":\"es\",\"potentialAction\":[{\"@type\":\"ReadAction\",\"target\":[\"https:\\\/\\\/covisian.com\\\/es\\\/product\\\/smile-cx-pro\\\/\"]}]},{\"@type\":\"BreadcrumbList\",\"@id\":\"https:\\\/\\\/covisian.com\\\/es\\\/product\\\/smile-cx-pro\\\/#breadcrumb\",\"itemListElement\":[{\"@type\":\"ListItem\",\"position\":1,\"name\":\"Home\",\"item\":\"https:\\\/\\\/covisian.com\\\/es\\\/\"},{\"@type\":\"ListItem\",\"position\":2,\"name\":\"smile.cx PRO SW\"}]},{\"@type\":\"WebSite\",\"@id\":\"https:\\\/\\\/covisian.com\\\/#website\",\"url\":\"https:\\\/\\\/covisian.com\\\/\",\"name\":\"Covisian\",\"description\":\"\",\"publisher\":{\"@id\":\"https:\\\/\\\/covisian.com\\\/#organization\"},\"potentialAction\":[{\"@type\":\"SearchAction\",\"target\":{\"@type\":\"EntryPoint\",\"urlTemplate\":\"https:\\\/\\\/covisian.com\\\/?s={search_term_string}\"},\"query-input\":{\"@type\":\"PropertyValueSpecification\",\"valueRequired\":true,\"valueName\":\"search_term_string\"}}],\"inLanguage\":\"es\"},{\"@type\":\"Organization\",\"@id\":\"https:\\\/\\\/covisian.com\\\/#organization\",\"name\":\"Covisian\",\"url\":\"https:\\\/\\\/covisian.com\\\/\",\"logo\":{\"@type\":\"ImageObject\",\"inLanguage\":\"es\",\"@id\":\"https:\\\/\\\/covisian.com\\\/#\\\/schema\\\/logo\\\/image\\\/\",\"url\":\"https:\\\/\\\/covisian.com\\\/wp-content\\\/uploads\\\/2023\\\/06\\\/cropped-logo.png\",\"contentUrl\":\"https:\\\/\\\/covisian.com\\\/wp-content\\\/uploads\\\/2023\\\/06\\\/cropped-logo.png\",\"width\":464,\"height\":89,\"caption\":\"Covisian\"},\"image\":{\"@id\":\"https:\\\/\\\/covisian.com\\\/#\\\/schema\\\/logo\\\/image\\\/\"}}]}<\/script>\n<!-- \/ Yoast SEO plugin. -->","yoast_head_json":{"title":"SMILE CX PRO SW - Covisian","description":"Descubre el nuestro producto Smile CX Pro. El enfoque innovador para revolucionar la gesti\u00f3n de clientes con funci\u00f3n de copiloto, resumen en tiempo real, adherencia.","robots":{"index":"index","follow":"follow","max-snippet":"max-snippet:-1","max-image-preview":"max-image-preview:large","max-video-preview":"max-video-preview:-1"},"canonical":"https:\/\/covisian.com\/es\/wp-json\/wp\/v2\/product\/9198","og_locale":"es_ES","og_type":"article","og_title":"SMILE CX PRO SW - Covisian","og_description":"Descubre el nuestro producto Smile CX Pro. El enfoque innovador para revolucionar la gesti\u00f3n de clientes con funci\u00f3n de copiloto, resumen en tiempo real, adherencia.","og_url":"https:\/\/covisian.com\/es\/product\/smile-cx-pro\/","og_site_name":"Covisian","article_modified_time":"2024-10-24T06:47:57+00:00","twitter_card":"summary_large_image","twitter_misc":{"Tiempo de lectura":"1 minuto"},"schema":{"@context":"https:\/\/schema.org","@graph":[{"@type":"WebPage","@id":"https:\/\/covisian.com\/es\/product\/smile-cx-pro\/","url":"https:\/\/covisian.com\/es\/product\/smile-cx-pro\/","name":"SMILE CX PRO SW - Covisian","isPartOf":{"@id":"https:\/\/covisian.com\/#website"},"datePublished":"2024-04-18T11:11:09+00:00","dateModified":"2024-10-24T06:47:57+00:00","description":"Descubre el nuestro producto Smile CX Pro. El enfoque innovador para revolucionar la gesti\u00f3n de clientes con funci\u00f3n de copiloto, resumen en tiempo real, adherencia.","breadcrumb":{"@id":"https:\/\/covisian.com\/es\/product\/smile-cx-pro\/#breadcrumb"},"inLanguage":"es","potentialAction":[{"@type":"ReadAction","target":["https:\/\/covisian.com\/es\/product\/smile-cx-pro\/"]}]},{"@type":"BreadcrumbList","@id":"https:\/\/covisian.com\/es\/product\/smile-cx-pro\/#breadcrumb","itemListElement":[{"@type":"ListItem","position":1,"name":"Home","item":"https:\/\/covisian.com\/es\/"},{"@type":"ListItem","position":2,"name":"smile.cx PRO SW"}]},{"@type":"WebSite","@id":"https:\/\/covisian.com\/#website","url":"https:\/\/covisian.com\/","name":"Covisian","description":"","publisher":{"@id":"https:\/\/covisian.com\/#organization"},"potentialAction":[{"@type":"SearchAction","target":{"@type":"EntryPoint","urlTemplate":"https:\/\/covisian.com\/?s={search_term_string}"},"query-input":{"@type":"PropertyValueSpecification","valueRequired":true,"valueName":"search_term_string"}}],"inLanguage":"es"},{"@type":"Organization","@id":"https:\/\/covisian.com\/#organization","name":"Covisian","url":"https:\/\/covisian.com\/","logo":{"@type":"ImageObject","inLanguage":"es","@id":"https:\/\/covisian.com\/#\/schema\/logo\/image\/","url":"https:\/\/covisian.com\/wp-content\/uploads\/2023\/06\/cropped-logo.png","contentUrl":"https:\/\/covisian.com\/wp-content\/uploads\/2023\/06\/cropped-logo.png","width":464,"height":89,"caption":"Covisian"},"image":{"@id":"https:\/\/covisian.com\/#\/schema\/logo\/image\/"}}]}},"jetpack_sharing_enabled":true,"_links":{"self":[{"href":"https:\/\/covisian.com\/es\/wp-json\/wp\/v2\/product\/9198","targetHints":{"allow":["GET"]}}],"collection":[{"href":"https:\/\/covisian.com\/es\/wp-json\/wp\/v2\/product"}],"about":[{"href":"https:\/\/covisian.com\/es\/wp-json\/wp\/v2\/types\/product"}],"wp:attachment":[{"href":"https:\/\/covisian.com\/es\/wp-json\/wp\/v2\/media?parent=9198"}],"wp:term":[{"taxonomy":"product_category","embeddable":true,"href":"https:\/\/covisian.com\/es\/wp-json\/wp\/v2\/product_category?post=9198"}],"curies":[{"name":"wp","href":"https:\/\/api.w.org\/{rel}","templated":true}]}}