{"id":9210,"date":"2024-04-18T12:22:28","date_gmt":"2024-04-18T10:22:28","guid":{"rendered":"https:\/\/covisian.com\/product\/cx-interactions\/"},"modified":"2024-10-24T08:46:24","modified_gmt":"2024-10-24T06:46:24","slug":"cx-interactions","status":"publish","type":"product","link":"https:\/\/covisian.com\/es\/product\/cx-interactions\/","title":{"rendered":"CX Interactions"},"content":{"rendered":"\n<p class=\"wp-block-paragraph\"><strong><strong>Transforme la experiencia de cliente moderna a trav\u00e9s de canales digitales y de voz.<\/strong><\/strong><\/p>\n\n\n\n<p class=\"wp-block-paragraph\">Descubra las principales ventajas de la interacci\u00f3n con el cliente en tiempo real y vea c\u00f3mo el servicio de atenci\u00f3n al cliente en l\u00ednea puede dar lugar a clientes satisfechos, aumentar las conversiones y reducir los costes de servicio.<\/p>\n\n\n\n<p class=\"wp-block-paragraph\">Presentamos <strong>CX Interactions<\/strong>, una plataforma de Customer Engagement de \u00faltima generaci\u00f3n que hace que cada interacci\u00f3n con el cliente y todo el Contact Center sean m\u00e1s inteligentes a trav\u00e9s de una integraci\u00f3n fluida entre humanos y IA.<\/p>\n\n\n\n<p class=\"wp-block-paragraph\"><strong>CX Interactions<\/strong> permite a todas las empresas comunicarse sin problemas con los clientes y clientes potenciales, utilizando cualquier combinaci\u00f3n de voz, chat, audio y v\u00eddeo WebRTC, devoluci\u00f3n de llamadas y herramientas de colaboraci\u00f3n como Screen Casting sin interrupciones, Form Sharing, File Transfer y Page Pushing.<\/p>\n","protected":false},"featured_media":0,"parent":0,"menu_order":0,"template":"","product_category":[626],"class_list":["post-9210","product","type-product","status-publish","hentry"],"acf":[],"yoast_head":"<!-- This site is optimized with the Yoast SEO plugin v27.3 - https:\/\/yoast.com\/product\/yoast-seo-wordpress\/ -->\n<title>CX Interactions - Covisian<\/title>\n<meta name=\"description\" content=\"Descubre el nuestro producto CX Interractions. Transforma la experiencia de cliente moderna a trav\u00e9s de canales digitales y de voz.\" \/>\n<meta name=\"robots\" content=\"index, follow, max-snippet:-1, max-image-preview:large, max-video-preview:-1\" \/>\n<link rel=\"canonical\" href=\"https:\/\/covisian.com\/es\/wp-json\/wp\/v2\/product\/9210\" \/>\n<meta property=\"og:locale\" content=\"es_ES\" \/>\n<meta property=\"og:type\" content=\"article\" \/>\n<meta property=\"og:title\" content=\"CX Interactions - Covisian\" \/>\n<meta property=\"og:description\" content=\"Descubre el nuestro producto CX Interractions. Transforma la experiencia de cliente moderna a trav\u00e9s de canales digitales y de voz.\" \/>\n<meta property=\"og:url\" content=\"https:\/\/covisian.com\/es\/product\/cx-interactions\/\" \/>\n<meta property=\"og:site_name\" content=\"Covisian\" \/>\n<meta property=\"article:modified_time\" content=\"2024-10-24T06:46:24+00:00\" \/>\n<meta name=\"twitter:card\" content=\"summary_large_image\" \/>\n<meta name=\"twitter:label1\" content=\"Tiempo de lectura\" \/>\n\t<meta name=\"twitter:data1\" content=\"1 minuto\" \/>\n<script type=\"application\/ld+json\" class=\"yoast-schema-graph\">{\"@context\":\"https:\\\/\\\/schema.org\",\"@graph\":[{\"@type\":\"WebPage\",\"@id\":\"https:\\\/\\\/covisian.com\\\/es\\\/product\\\/cx-interactions\\\/\",\"url\":\"https:\\\/\\\/covisian.com\\\/es\\\/product\\\/cx-interactions\\\/\",\"name\":\"CX Interactions - Covisian\",\"isPartOf\":{\"@id\":\"https:\\\/\\\/covisian.com\\\/#website\"},\"datePublished\":\"2024-04-18T10:22:28+00:00\",\"dateModified\":\"2024-10-24T06:46:24+00:00\",\"description\":\"Descubre el nuestro producto CX Interractions. Transforma la experiencia de cliente moderna a trav\u00e9s de canales digitales y de voz.\",\"breadcrumb\":{\"@id\":\"https:\\\/\\\/covisian.com\\\/es\\\/product\\\/cx-interactions\\\/#breadcrumb\"},\"inLanguage\":\"es\",\"potentialAction\":[{\"@type\":\"ReadAction\",\"target\":[\"https:\\\/\\\/covisian.com\\\/es\\\/product\\\/cx-interactions\\\/\"]}]},{\"@type\":\"BreadcrumbList\",\"@id\":\"https:\\\/\\\/covisian.com\\\/es\\\/product\\\/cx-interactions\\\/#breadcrumb\",\"itemListElement\":[{\"@type\":\"ListItem\",\"position\":1,\"name\":\"Home\",\"item\":\"https:\\\/\\\/covisian.com\\\/es\\\/\"},{\"@type\":\"ListItem\",\"position\":2,\"name\":\"CX Interactions\"}]},{\"@type\":\"WebSite\",\"@id\":\"https:\\\/\\\/covisian.com\\\/#website\",\"url\":\"https:\\\/\\\/covisian.com\\\/\",\"name\":\"Covisian\",\"description\":\"\",\"publisher\":{\"@id\":\"https:\\\/\\\/covisian.com\\\/#organization\"},\"potentialAction\":[{\"@type\":\"SearchAction\",\"target\":{\"@type\":\"EntryPoint\",\"urlTemplate\":\"https:\\\/\\\/covisian.com\\\/?s={search_term_string}\"},\"query-input\":{\"@type\":\"PropertyValueSpecification\",\"valueRequired\":true,\"valueName\":\"search_term_string\"}}],\"inLanguage\":\"es\"},{\"@type\":\"Organization\",\"@id\":\"https:\\\/\\\/covisian.com\\\/#organization\",\"name\":\"Covisian\",\"url\":\"https:\\\/\\\/covisian.com\\\/\",\"logo\":{\"@type\":\"ImageObject\",\"inLanguage\":\"es\",\"@id\":\"https:\\\/\\\/covisian.com\\\/#\\\/schema\\\/logo\\\/image\\\/\",\"url\":\"https:\\\/\\\/covisian.com\\\/wp-content\\\/uploads\\\/2023\\\/06\\\/cropped-logo.png\",\"contentUrl\":\"https:\\\/\\\/covisian.com\\\/wp-content\\\/uploads\\\/2023\\\/06\\\/cropped-logo.png\",\"width\":464,\"height\":89,\"caption\":\"Covisian\"},\"image\":{\"@id\":\"https:\\\/\\\/covisian.com\\\/#\\\/schema\\\/logo\\\/image\\\/\"}}]}<\/script>\n<!-- \/ Yoast SEO plugin. -->","yoast_head_json":{"title":"CX Interactions - Covisian","description":"Descubre el nuestro producto CX Interractions. Transforma la experiencia de cliente moderna a trav\u00e9s de canales digitales y de voz.","robots":{"index":"index","follow":"follow","max-snippet":"max-snippet:-1","max-image-preview":"max-image-preview:large","max-video-preview":"max-video-preview:-1"},"canonical":"https:\/\/covisian.com\/es\/wp-json\/wp\/v2\/product\/9210","og_locale":"es_ES","og_type":"article","og_title":"CX Interactions - Covisian","og_description":"Descubre el nuestro producto CX Interractions. Transforma la experiencia de cliente moderna a trav\u00e9s de canales digitales y de voz.","og_url":"https:\/\/covisian.com\/es\/product\/cx-interactions\/","og_site_name":"Covisian","article_modified_time":"2024-10-24T06:46:24+00:00","twitter_card":"summary_large_image","twitter_misc":{"Tiempo de lectura":"1 minuto"},"schema":{"@context":"https:\/\/schema.org","@graph":[{"@type":"WebPage","@id":"https:\/\/covisian.com\/es\/product\/cx-interactions\/","url":"https:\/\/covisian.com\/es\/product\/cx-interactions\/","name":"CX Interactions - Covisian","isPartOf":{"@id":"https:\/\/covisian.com\/#website"},"datePublished":"2024-04-18T10:22:28+00:00","dateModified":"2024-10-24T06:46:24+00:00","description":"Descubre el nuestro producto CX Interractions. Transforma la experiencia de cliente moderna a trav\u00e9s de canales digitales y de voz.","breadcrumb":{"@id":"https:\/\/covisian.com\/es\/product\/cx-interactions\/#breadcrumb"},"inLanguage":"es","potentialAction":[{"@type":"ReadAction","target":["https:\/\/covisian.com\/es\/product\/cx-interactions\/"]}]},{"@type":"BreadcrumbList","@id":"https:\/\/covisian.com\/es\/product\/cx-interactions\/#breadcrumb","itemListElement":[{"@type":"ListItem","position":1,"name":"Home","item":"https:\/\/covisian.com\/es\/"},{"@type":"ListItem","position":2,"name":"CX Interactions"}]},{"@type":"WebSite","@id":"https:\/\/covisian.com\/#website","url":"https:\/\/covisian.com\/","name":"Covisian","description":"","publisher":{"@id":"https:\/\/covisian.com\/#organization"},"potentialAction":[{"@type":"SearchAction","target":{"@type":"EntryPoint","urlTemplate":"https:\/\/covisian.com\/?s={search_term_string}"},"query-input":{"@type":"PropertyValueSpecification","valueRequired":true,"valueName":"search_term_string"}}],"inLanguage":"es"},{"@type":"Organization","@id":"https:\/\/covisian.com\/#organization","name":"Covisian","url":"https:\/\/covisian.com\/","logo":{"@type":"ImageObject","inLanguage":"es","@id":"https:\/\/covisian.com\/#\/schema\/logo\/image\/","url":"https:\/\/covisian.com\/wp-content\/uploads\/2023\/06\/cropped-logo.png","contentUrl":"https:\/\/covisian.com\/wp-content\/uploads\/2023\/06\/cropped-logo.png","width":464,"height":89,"caption":"Covisian"},"image":{"@id":"https:\/\/covisian.com\/#\/schema\/logo\/image\/"}}]}},"jetpack_sharing_enabled":true,"_links":{"self":[{"href":"https:\/\/covisian.com\/es\/wp-json\/wp\/v2\/product\/9210","targetHints":{"allow":["GET"]}}],"collection":[{"href":"https:\/\/covisian.com\/es\/wp-json\/wp\/v2\/product"}],"about":[{"href":"https:\/\/covisian.com\/es\/wp-json\/wp\/v2\/types\/product"}],"wp:attachment":[{"href":"https:\/\/covisian.com\/es\/wp-json\/wp\/v2\/media?parent=9210"}],"wp:term":[{"taxonomy":"product_category","embeddable":true,"href":"https:\/\/covisian.com\/es\/wp-json\/wp\/v2\/product_category?post=9210"}],"curies":[{"name":"wp","href":"https:\/\/api.w.org\/{rel}","templated":true}]}}