{"id":9217,"date":"2024-04-18T12:30:00","date_gmt":"2024-04-18T10:30:00","guid":{"rendered":"https:\/\/covisian.com\/product\/cx-remote-control-room\/"},"modified":"2024-10-24T08:51:43","modified_gmt":"2024-10-24T06:51:43","slug":"cx-remote-control-room","status":"publish","type":"product","link":"https:\/\/covisian.com\/es\/product\/cx-operations-core\/cx-remote-control-room\/","title":{"rendered":"CX Remote Control Room"},"content":{"rendered":"\n<p class=\"wp-block-paragraph\"><strong>Optimice el rendimiento y la rentabilidad a trav\u00e9s de la gesti\u00f3n de agentes y la optimizaci\u00f3n de recursos.<\/strong><\/p>\n\n\n\n<p class=\"wp-block-paragraph\">La gesti\u00f3n eficaz del personal y las actividades dentro de un Contact Center es crucial para maximizar la eficiencia y la rentabilidad. Sin embargo, no todas las empresas poseen los recursos, la experiencia y las herramientas necesarios para supervisar eficazmente sus operaciones de Contact Center. La externalizaci\u00f3n de este servicio resulta esencial para aprovechar plenamente su potencial.<\/p>\n\n\n\n<p class=\"wp-block-paragraph\">Presentamos <strong>CX Remote Control Room, <\/strong>una soluci\u00f3n integral que aprovecha a\u00f1os de experiencia en la gesti\u00f3n de decenas de miles de agentes en todo el mundo.&nbsp; Esta se encarga de la gesti\u00f3n de agentes y equipos, ofreciendo una planificaci\u00f3n meticulosa que mejora la asignaci\u00f3n de recursos y el rendimiento y evita el desperdicio de horas. Adem\u00e1s, genera informes en tiempo real, lo que proporciona un seguimiento continuo para salvar la brecha entre los resultados planificados y los reales.<\/p>\n","protected":false},"featured_media":0,"parent":9219,"menu_order":0,"template":"","product_category":[628],"class_list":["post-9217","product","type-product","status-publish","hentry"],"acf":[],"yoast_head":"<!-- This site is optimized with the Yoast SEO plugin v27.1.1 - https:\/\/yoast.com\/product\/yoast-seo-wordpress\/ -->\n<title>CX Remote Control Room - Covisian<\/title>\n<meta name=\"description\" content=\"Descubre el nuestro producto CX remote control room. Optimizar el rendimiento y la rentabilidad a trav\u00e9s de la gesti\u00f3n de agentes y la optimizaci\u00f3n de recursos.\" \/>\n<meta name=\"robots\" content=\"index, follow, max-snippet:-1, max-image-preview:large, max-video-preview:-1\" \/>\n<link rel=\"canonical\" href=\"https:\/\/covisian.com\/es\/wp-json\/wp\/v2\/product\/9217\" \/>\n<meta property=\"og:locale\" content=\"es_ES\" \/>\n<meta property=\"og:type\" content=\"article\" \/>\n<meta property=\"og:title\" content=\"CX Remote Control Room - Covisian\" \/>\n<meta property=\"og:description\" content=\"Descubre el nuestro producto CX remote control room. Optimizar el rendimiento y la rentabilidad a trav\u00e9s de la gesti\u00f3n de agentes y la optimizaci\u00f3n de recursos.\" \/>\n<meta property=\"og:url\" content=\"https:\/\/covisian.com\/es\/product\/cx-operations-core\/cx-remote-control-room\/\" \/>\n<meta property=\"og:site_name\" content=\"Covisian\" \/>\n<meta property=\"article:modified_time\" content=\"2024-10-24T06:51:43+00:00\" \/>\n<meta name=\"twitter:card\" content=\"summary_large_image\" \/>\n<meta name=\"twitter:label1\" content=\"Tiempo de lectura\" \/>\n\t<meta name=\"twitter:data1\" content=\"1 minuto\" \/>\n<script type=\"application\/ld+json\" class=\"yoast-schema-graph\">{\"@context\":\"https:\/\/schema.org\",\"@graph\":[{\"@type\":\"WebPage\",\"@id\":\"https:\/\/covisian.com\/es\/product\/cx-operations-core\/cx-remote-control-room\/\",\"url\":\"https:\/\/covisian.com\/es\/product\/cx-operations-core\/cx-remote-control-room\/\",\"name\":\"CX Remote Control Room - Covisian\",\"isPartOf\":{\"@id\":\"https:\/\/covisian.com\/#website\"},\"datePublished\":\"2024-04-18T10:30:00+00:00\",\"dateModified\":\"2024-10-24T06:51:43+00:00\",\"description\":\"Descubre el nuestro producto CX remote control room. Optimizar el rendimiento y la rentabilidad a trav\u00e9s de la gesti\u00f3n de agentes y la optimizaci\u00f3n de recursos.\",\"breadcrumb\":{\"@id\":\"https:\/\/covisian.com\/es\/product\/cx-operations-core\/cx-remote-control-room\/#breadcrumb\"},\"inLanguage\":\"es\",\"potentialAction\":[{\"@type\":\"ReadAction\",\"target\":[\"https:\/\/covisian.com\/es\/product\/cx-operations-core\/cx-remote-control-room\/\"]}]},{\"@type\":\"BreadcrumbList\",\"@id\":\"https:\/\/covisian.com\/es\/product\/cx-operations-core\/cx-remote-control-room\/#breadcrumb\",\"itemListElement\":[{\"@type\":\"ListItem\",\"position\":1,\"name\":\"Home\",\"item\":\"https:\/\/covisian.com\/es\/\"},{\"@type\":\"ListItem\",\"position\":2,\"name\":\"CX Operations Core\",\"item\":\"https:\/\/covisian.com\/es\/product\/cx-operations-core\/\"},{\"@type\":\"ListItem\",\"position\":3,\"name\":\"CX Remote Control Room\"}]},{\"@type\":\"WebSite\",\"@id\":\"https:\/\/covisian.com\/#website\",\"url\":\"https:\/\/covisian.com\/\",\"name\":\"Covisian\",\"description\":\"\",\"publisher\":{\"@id\":\"https:\/\/covisian.com\/#organization\"},\"potentialAction\":[{\"@type\":\"SearchAction\",\"target\":{\"@type\":\"EntryPoint\",\"urlTemplate\":\"https:\/\/covisian.com\/?s={search_term_string}\"},\"query-input\":{\"@type\":\"PropertyValueSpecification\",\"valueRequired\":true,\"valueName\":\"search_term_string\"}}],\"inLanguage\":\"es\"},{\"@type\":\"Organization\",\"@id\":\"https:\/\/covisian.com\/#organization\",\"name\":\"Covisian\",\"url\":\"https:\/\/covisian.com\/\",\"logo\":{\"@type\":\"ImageObject\",\"inLanguage\":\"es\",\"@id\":\"https:\/\/covisian.com\/#\/schema\/logo\/image\/\",\"url\":\"https:\/\/covisian.com\/wp-content\/uploads\/2023\/06\/cropped-logo.png\",\"contentUrl\":\"https:\/\/covisian.com\/wp-content\/uploads\/2023\/06\/cropped-logo.png\",\"width\":464,\"height\":89,\"caption\":\"Covisian\"},\"image\":{\"@id\":\"https:\/\/covisian.com\/#\/schema\/logo\/image\/\"}}]}<\/script>\n<!-- \/ Yoast SEO plugin. -->","yoast_head_json":{"title":"CX Remote Control Room - Covisian","description":"Descubre el nuestro producto CX remote control room. Optimizar el rendimiento y la rentabilidad a trav\u00e9s de la gesti\u00f3n de agentes y la optimizaci\u00f3n de recursos.","robots":{"index":"index","follow":"follow","max-snippet":"max-snippet:-1","max-image-preview":"max-image-preview:large","max-video-preview":"max-video-preview:-1"},"canonical":"https:\/\/covisian.com\/es\/wp-json\/wp\/v2\/product\/9217","og_locale":"es_ES","og_type":"article","og_title":"CX Remote Control Room - Covisian","og_description":"Descubre el nuestro producto CX remote control room. Optimizar el rendimiento y la rentabilidad a trav\u00e9s de la gesti\u00f3n de agentes y la optimizaci\u00f3n de recursos.","og_url":"https:\/\/covisian.com\/es\/product\/cx-operations-core\/cx-remote-control-room\/","og_site_name":"Covisian","article_modified_time":"2024-10-24T06:51:43+00:00","twitter_card":"summary_large_image","twitter_misc":{"Tiempo de lectura":"1 minuto"},"schema":{"@context":"https:\/\/schema.org","@graph":[{"@type":"WebPage","@id":"https:\/\/covisian.com\/es\/product\/cx-operations-core\/cx-remote-control-room\/","url":"https:\/\/covisian.com\/es\/product\/cx-operations-core\/cx-remote-control-room\/","name":"CX Remote Control Room - Covisian","isPartOf":{"@id":"https:\/\/covisian.com\/#website"},"datePublished":"2024-04-18T10:30:00+00:00","dateModified":"2024-10-24T06:51:43+00:00","description":"Descubre el nuestro producto CX remote control room. Optimizar el rendimiento y la rentabilidad a trav\u00e9s de la gesti\u00f3n de agentes y la optimizaci\u00f3n de recursos.","breadcrumb":{"@id":"https:\/\/covisian.com\/es\/product\/cx-operations-core\/cx-remote-control-room\/#breadcrumb"},"inLanguage":"es","potentialAction":[{"@type":"ReadAction","target":["https:\/\/covisian.com\/es\/product\/cx-operations-core\/cx-remote-control-room\/"]}]},{"@type":"BreadcrumbList","@id":"https:\/\/covisian.com\/es\/product\/cx-operations-core\/cx-remote-control-room\/#breadcrumb","itemListElement":[{"@type":"ListItem","position":1,"name":"Home","item":"https:\/\/covisian.com\/es\/"},{"@type":"ListItem","position":2,"name":"CX Operations Core","item":"https:\/\/covisian.com\/es\/product\/cx-operations-core\/"},{"@type":"ListItem","position":3,"name":"CX Remote Control Room"}]},{"@type":"WebSite","@id":"https:\/\/covisian.com\/#website","url":"https:\/\/covisian.com\/","name":"Covisian","description":"","publisher":{"@id":"https:\/\/covisian.com\/#organization"},"potentialAction":[{"@type":"SearchAction","target":{"@type":"EntryPoint","urlTemplate":"https:\/\/covisian.com\/?s={search_term_string}"},"query-input":{"@type":"PropertyValueSpecification","valueRequired":true,"valueName":"search_term_string"}}],"inLanguage":"es"},{"@type":"Organization","@id":"https:\/\/covisian.com\/#organization","name":"Covisian","url":"https:\/\/covisian.com\/","logo":{"@type":"ImageObject","inLanguage":"es","@id":"https:\/\/covisian.com\/#\/schema\/logo\/image\/","url":"https:\/\/covisian.com\/wp-content\/uploads\/2023\/06\/cropped-logo.png","contentUrl":"https:\/\/covisian.com\/wp-content\/uploads\/2023\/06\/cropped-logo.png","width":464,"height":89,"caption":"Covisian"},"image":{"@id":"https:\/\/covisian.com\/#\/schema\/logo\/image\/"}}]}},"jetpack_sharing_enabled":true,"_links":{"self":[{"href":"https:\/\/covisian.com\/es\/wp-json\/wp\/v2\/product\/9217","targetHints":{"allow":["GET"]}}],"collection":[{"href":"https:\/\/covisian.com\/es\/wp-json\/wp\/v2\/product"}],"about":[{"href":"https:\/\/covisian.com\/es\/wp-json\/wp\/v2\/types\/product"}],"up":[{"embeddable":true,"href":"https:\/\/covisian.com\/es\/wp-json\/wp\/v2\/product\/9219"}],"wp:attachment":[{"href":"https:\/\/covisian.com\/es\/wp-json\/wp\/v2\/media?parent=9217"}],"wp:term":[{"taxonomy":"product_category","embeddable":true,"href":"https:\/\/covisian.com\/es\/wp-json\/wp\/v2\/product_category?post=9217"}],"curies":[{"name":"wp","href":"https:\/\/api.w.org\/{rel}","templated":true}]}}