{"id":4951,"date":"2023-07-31T18:13:40","date_gmt":"2023-07-31T16:13:40","guid":{"rendered":"https:\/\/covisian.com\/privacy-policy\/"},"modified":"2024-07-01T08:47:55","modified_gmt":"2024-07-01T06:47:55","slug":"privacy-policy","status":"publish","type":"page","link":"https:\/\/covisian.com\/it\/privacy-policy\/","title":{"rendered":"Privacy Policy"},"content":{"rendered":"\n<p class=\"wp-block-paragraph\"><strong>Titolare del Trattamento dei Dati<\/strong><\/p>\n\n\n\n<p class=\"wp-block-paragraph\"><span style=\"font-weight: 400;\">Covisian S.p.A., con sede legale in via dei Valtorta, 47 \u2013 20127 Milano (MI) \u2013 email: <\/span><a href=\"mailto:privacy@covisian.com\"><span style=\"font-weight: 400;\">privacy@covisian.com<\/span><\/a><span style=\"font-weight: 400;\">.<\/span><\/p>\n\n\n\n<p class=\"wp-block-paragraph\">I dati di contatto del DPO della Societ\u00e0 sono i seguenti:&nbsp;<a href=\"mailto:dpocorporate@covisian.com\">dpocorporate@covisian.com<\/a>.<\/p>\n\n\n\n<p class=\"wp-block-paragraph\"><strong>Categorie di Dati trattati<\/strong><\/p>\n\n\n\n<p class=\"wp-block-paragraph\">Fra i Dati Personali raccolti da questo Sito Web (di seguito, anche \u201cDati\u201d), in modo autonomo o tramite terze parti, ci sono: indirizzi IP o i nomi a dominio dei computer utilizzati dagli Utenti che si connettono al Sito Web, Dati di utilizzo.<\/p>\n\n\n\n<p class=\"wp-block-paragraph\">Dettagli completi su ciascuna categoria di dati raccolti sono forniti nelle sezioni dedicate di questa Privacy Policy o mediante specifici testi informativi visualizzati prima della raccolta dei dati stessi.<\/p>\n\n\n\n<p class=\"wp-block-paragraph\">I Dati Personali possono essere liberamente forniti dall&#8217;Utente o, nel caso di Dati di Utilizzo, raccolti automaticamente durante l&#8217;uso di questo Sito Web.<\/p>\n\n\n\n<p class=\"wp-block-paragraph\">Se non diversamente specificato, tutti i Dati richiesti da questo Sito Web sono obbligatori. Se l\u2019Utente rifiuta di comunicarli, potrebbe essere impossibile per questo Sito Web fornire il Servizio. Nei casi in cui questo Sito Web indichi alcuni Dati come facoltativi, gli Utenti sono liberi di astenersi dal comunicare tali Dati, senza che ci\u00f2 abbia alcuna conseguenza sulla disponibilit\u00e0 del Servizio o sulla sua operativit\u00e0.<\/p>\n\n\n\n<p class=\"wp-block-paragraph\">L\u2019eventuale utilizzo di cookie &#8211; o di altri strumenti di tracciamento &#8211; da parte di questo Sito Web o dei titolari dei servizi terzi utilizzati da questo Sito Web, ove non diversamente precisato, ha la finalit\u00e0 di fornire il Servizio richiesto dall&#8217;Utente, oltre alle ulteriori finalit\u00e0 descritte nel presente documento e nella Cookie Policy.<\/p>\n\n\n\n<p class=\"wp-block-paragraph\">L&#8217;Utente si assume la responsabilit\u00e0 dei Dati Personali di terzi ottenuti, pubblicati o condivisi mediante questo Sito Web e garantisce di avere il diritto di comunicarli o diffonderli, liberando il Titolare da qualsiasi responsabilit\u00e0 verso terzi.<\/p>\n\n\n\n<p class=\"wp-block-paragraph\"><strong>Finalit\u00e0 del Trattamento dei Dati raccolti<\/strong><\/p>\n\n\n\n<p class=\"wp-block-paragraph\">I Dati dell\u2019Utente sono raccolti per consentire al Titolare di fornire il Servizio, adempiere agli obblighi di legge, rispondere a richieste o azioni esecutive, tutelare i propri diritti ed interessi (o quelli di Utenti o di terze parti), individuare eventuali attivit\u00e0 dolose o fraudolente, nonch\u00e9 di statistica.\n<\/p>\n\n\n\n<p class=\"wp-block-paragraph\"><strong>Base giuridica del trattamento<\/strong><\/p>\n\n\n\n<p class=\"wp-block-paragraph\">Il Titolare tratta Dati Personali relativi all\u2019Utente in caso sussista una delle seguenti condizioni:<\/p>\n\n\n\n<ul class=\"wp-block-list\">\n<li>l\u2019Utente ha prestato il consenso per una o pi\u00f9 finalit\u00e0 specifiche (art. 6, par. 1, lett. a), GDPR);<\/li>\n\n\n\n<li>il trattamento \u00e8 necessario all&#8217;esecuzione di un contratto con l\u2019Utente e\/o all&#8217;esecuzione di misure precontrattuali (art. 6, par. 1, lett. b), GDPR);<\/li>\n\n\n\n<li>il trattamento \u00e8 necessario per adempiere un obbligo legale al quale \u00e8 soggetto il Titolare (art. 6, par. 1, lett. c), GDPR);<\/li>\n\n\n\n<li>il trattamento \u00e8 necessario per il perseguimento del legittimo interesse del Titolare o di terzi (art. 6, par. 1, lett. f), GDPR).<\/li>\n<\/ul>\n\n\n\n<p class=\"wp-block-paragraph\">\u00c8 comunque sempre possibile richiedere al Titolare di chiarire la concreta base giuridica di ciascun trattamento.<\/p>\n\n\n\n<p class=\"wp-block-paragraph\"><strong>Modalit\u00e0 di trattamento<\/strong><\/p>\n\n\n\n<p class=\"wp-block-paragraph\">Il Titolare adotta le opportune misure di sicurezza volte ad impedire l\u2019accesso, la divulgazione, la modifica o la distruzione non autorizzate dei Dati Personali.<\/p>\n\n\n\n<p class=\"wp-block-paragraph\">Il trattamento viene effettuato mediante strumenti informatici e\/o telematici, con modalit\u00e0 organizzative e con logiche strettamente correlate alle finalit\u00e0 indicate. Oltre al Titolare, in alcuni casi, potrebbero avere accesso ai Dati altri soggetti coinvolti nell\u2019organizzazione di questo Sito Web (personale amministrativo, commerciale, marketing, legali, amministratori di sistema) ovvero soggetti esterni (come fornitori di servizi tecnici terzi, hosting provider, societ\u00e0 informatiche, agenzie di comunicazione) nominati anche, se necessario, Responsabili del Trattamento da parte del Titolare. L\u2019elenco aggiornato dei Responsabili potr\u00e0 sempre essere richiesto al Titolare del Trattamento.\n<\/p>\n\n\n\n<p class=\"wp-block-paragraph\"><strong>Luogo<\/strong><\/p>\n\n\n\n<p class=\"wp-block-paragraph\">I Dati sono trattati presso le sedi operative del Titolare ed in ogni altro luogo in cui le parti coinvolte nel trattamento siano localizzate.<\/p>\n\n\n\n<p class=\"wp-block-paragraph\"><strong>Periodo di conservazione<\/strong><\/p>\n\n\n\n<p class=\"wp-block-paragraph\">I Dati sono trattati e conservati per il tempo richiesto dalle finalit\u00e0 per le quali sono stati raccolti.<\/p>\n\n\n\n<ul class=\"wp-block-list\">\n<li>I Dati Personali raccolti per scopi collegati all\u2019esecuzione di un contratto tra il Titolare e l\u2019Utente saranno conservati sino a quando sia completata l\u2019esecuzione di tale contratto.<\/li>\n\n\n\n<li>I Dati Personali raccolti per finalit\u00e0 riconducibili all\u2019interesse legittimo del Titolare saranno conservati sino al soddisfacimento di tale interesse. L\u2019Utente pu\u00f2 ottenere ulteriori informazioni in merito all\u2019interesse legittimo perseguito dal Titolare contattando il Titolare.<\/li>\n<\/ul>\n\n\n\n<p class=\"wp-block-paragraph\">Quando il trattamento \u00e8 basato sul consenso dell\u2019Utente, il Titolare pu\u00f2 conservare i Dati sino a quando detto consenso non venga revocato. Il Titolare, inoltre, potrebbe essere obbligato a conservare i Dati per un periodo pi\u00f9 lungo in ottemperanza ad un obbligo di legge o per ordine di un\u2019autorit\u00e0.<\/p>\n\n\n\n<p class=\"wp-block-paragraph\">Al termine del periodo di conservazione i Dati Personali saranno cancellati.<\/p>\n\n\n\n<p class=\"wp-block-paragraph\"><strong>Diritti dell&#8217;utente<\/strong><\/p>\n\n\n\n<p class=\"wp-block-paragraph\">L\u2019Utente ha diritto di chiedere al Titolare, nel rispetto delle condizioni previste dal GDPR:<\/p>\n\n\n\n<ul class=\"wp-block-list\">\n<li>l\u2019accesso ai Dati che Lo riguardano, nonch\u00e9 la loro rettifica;<\/li>\n\n\n\n<li>la cancellazione dei Dati;<\/li>\n\n\n\n<li>la limitazione del trattamento;<\/li>\n\n\n\n<li>la revoca del consenso, eventualmente conferito, in qualsiasi momento. Tale revoca non pregiudicher\u00e0 la liceit\u00e0 del trattamento realizzato prima della revoca del consenso;\n\nnei limiti dei Dati trattati per finalit\u00e0 contrattuali e\/o sulla base del Suo consenso, e trattati con modalit\u00e0 automatizzate, la ricezione di tali Dati in un formato strutturato, di uso comune e leggibile da dispositivo automatico e\/o la trasmissione degli stessi ad un altro titolare del trattamento (cd. &#8220;portabilit\u00e0&#8221;).\n<\/li>\n<\/ul>\n\n\n\n<p class=\"wp-block-paragraph\">Diritto di opposizione: L\u2019utente ha il diritto di opporsi in qualsiasi momento, per motivi connessi alla sua situazione particolare, al trattamento dei Dati da parte del Titolare per il perseguimento del proprio legittimo interesse e al trattamento dei suoi dati personali. <\/p>\n\n\n\n<p class=\"wp-block-paragraph\">Per esercitare i Suoi diritti, potr\u00e0 contattare il Titolare al seguente indirizzo: privacy@covisian.com.<\/p>\n\n\n\n<p class=\"wp-block-paragraph\">L\u2019esercizio dei diritti dell&#8217;interessato soggiace ad alcune eccezioni, in particolare finalizzate alla salvaguardia dell\u2019interesse pubblico (ad esempio la prevenzione o l\u2019identificazione di reati) e\/o alla tutela dei diritti del Titolare. Nel caso in cui Lei esercitasse uno qualsiasi dei menzionati diritti, sar\u00e0 onere del Titolare verificare che l\u2019Utente sia legittimato a esercitarlo e sar\u00e0 dato riscontro, di regola, entro un mese.<\/p>\n\n\n\n<p class=\"wp-block-paragraph\"><span style=\"font-weight: 400;\">Nel caso ritenga che il trattamento dei Dati non sia conforme con quanto previsto dal GDPR, inoltre, l\u2019Utente ha il diritto di proporre reclamo all&#8217;Autorit\u00e0 di Controllo del Suo paese, o di adire le opportune sedi giudiziarie.<\/span><\/p>\n\n\n\n<p class=\"wp-block-paragraph\"><strong>Cookie Policy<\/strong><\/p>\n\n\n\n<p class=\"wp-block-paragraph\">Questo Sito Web fa utilizzo di Strumenti di Tracciamento. Per saperne di pi\u00f9, l\u2019Utente pu\u00f2 consultare la Cookie Policy.<\/p>\n\n\n\n<p class=\"wp-block-paragraph\"><strong>Modifiche a questa Privacy Policy<\/strong><\/p>\n\n\n\n<p class=\"wp-block-paragraph\">Il Titolare del Trattamento si riserva il diritto di apportare modifiche alla presente Privacy Policy, in qualunque momento, notificandolo agli Utenti su questa pagina e, se possibile, su questo Sito Web.<\/p>\n\n\n\n<p class=\"wp-block-paragraph\">Ultima modifica: 5 gennaio 2024<\/p>\n\n\n\n<p class=\"wp-block-paragraph\">&#8211;<\/p>\n","protected":false},"excerpt":{"rendered":"<p>Titolare del Trattamento dei Dati Covisian S.p.A., con sede legale in via dei Valtorta, 47 \u2013 20127 Milano (MI) \u2013 email: privacy@covisian.com. I dati di contatto del DPO della Societ\u00e0 sono i seguenti:&nbsp;dpocorporate@covisian.com. Categorie di Dati trattati Fra i Dati Personali raccolti da questo Sito Web (di seguito, anche \u201cDati\u201d), in modo autonomo o tramite [&hellip;]<\/p>\n","protected":false},"author":20,"featured_media":0,"parent":0,"menu_order":0,"comment_status":"closed","ping_status":"closed","template":"page-base.php","meta":{"_acf_changed":false,"_crdt_document":"","content-type":"","footnotes":""},"industry":[],"class_list":["post-4951","page","type-page","status-publish","hentry"],"acf":[],"yoast_head":"<!-- This site is optimized with the Yoast SEO plugin v27.3 - https:\/\/yoast.com\/product\/yoast-seo-wordpress\/ -->\n<title>Privacy Policy - Covisian<\/title>\n<meta name=\"description\" content=\"Leggi la nostra informativa sulla privacy per comprendere come proteggiamo i tuoi dati personali e garantiamo la tua sicurezza.\" \/>\n<meta name=\"robots\" content=\"index, follow, max-snippet:-1, max-image-preview:large, max-video-preview:-1\" \/>\n<link rel=\"canonical\" href=\"https:\/\/covisian.com\/it\/wp-json\/wp\/v2\/pages\/4951\" \/>\n<meta property=\"og:locale\" content=\"it_IT\" \/>\n<meta property=\"og:type\" content=\"article\" \/>\n<meta property=\"og:title\" content=\"Privacy Policy - Covisian\" \/>\n<meta property=\"og:description\" content=\"Leggi la nostra informativa sulla privacy per comprendere come proteggiamo i tuoi dati personali e garantiamo la tua sicurezza.\" \/>\n<meta property=\"og:url\" content=\"https:\/\/covisian.com\/it\/privacy-policy\/\" \/>\n<meta property=\"og:site_name\" content=\"Covisian\" \/>\n<meta property=\"article:modified_time\" content=\"2024-07-01T06:47:55+00:00\" \/>\n<meta name=\"twitter:card\" content=\"summary_large_image\" \/>\n<meta name=\"twitter:label1\" content=\"Tempo di lettura stimato\" \/>\n\t<meta name=\"twitter:data1\" content=\"5 minuti\" \/>\n<script type=\"application\/ld+json\" class=\"yoast-schema-graph\">{\"@context\":\"https:\\\/\\\/schema.org\",\"@graph\":[{\"@type\":\"WebPage\",\"@id\":\"https:\\\/\\\/covisian.com\\\/it\\\/privacy-policy\\\/\",\"url\":\"https:\\\/\\\/covisian.com\\\/it\\\/privacy-policy\\\/\",\"name\":\"Privacy Policy - Covisian\",\"isPartOf\":{\"@id\":\"https:\\\/\\\/covisian.com\\\/#website\"},\"datePublished\":\"2023-07-31T16:13:40+00:00\",\"dateModified\":\"2024-07-01T06:47:55+00:00\",\"description\":\"Leggi la nostra informativa sulla privacy per comprendere come proteggiamo i tuoi dati personali e garantiamo la tua sicurezza.\",\"breadcrumb\":{\"@id\":\"https:\\\/\\\/covisian.com\\\/it\\\/privacy-policy\\\/#breadcrumb\"},\"inLanguage\":\"it-IT\",\"potentialAction\":[{\"@type\":\"ReadAction\",\"target\":[\"https:\\\/\\\/covisian.com\\\/it\\\/privacy-policy\\\/\"]}]},{\"@type\":\"BreadcrumbList\",\"@id\":\"https:\\\/\\\/covisian.com\\\/it\\\/privacy-policy\\\/#breadcrumb\",\"itemListElement\":[{\"@type\":\"ListItem\",\"position\":1,\"name\":\"Home\",\"item\":\"https:\\\/\\\/covisian.com\\\/it\\\/\"},{\"@type\":\"ListItem\",\"position\":2,\"name\":\"Privacy Policy\"}]},{\"@type\":\"WebSite\",\"@id\":\"https:\\\/\\\/covisian.com\\\/#website\",\"url\":\"https:\\\/\\\/covisian.com\\\/\",\"name\":\"Covisian\",\"description\":\"\",\"publisher\":{\"@id\":\"https:\\\/\\\/covisian.com\\\/#organization\"},\"potentialAction\":[{\"@type\":\"SearchAction\",\"target\":{\"@type\":\"EntryPoint\",\"urlTemplate\":\"https:\\\/\\\/covisian.com\\\/?s={search_term_string}\"},\"query-input\":{\"@type\":\"PropertyValueSpecification\",\"valueRequired\":true,\"valueName\":\"search_term_string\"}}],\"inLanguage\":\"it-IT\"},{\"@type\":\"Organization\",\"@id\":\"https:\\\/\\\/covisian.com\\\/#organization\",\"name\":\"Covisian\",\"url\":\"https:\\\/\\\/covisian.com\\\/\",\"logo\":{\"@type\":\"ImageObject\",\"inLanguage\":\"it-IT\",\"@id\":\"https:\\\/\\\/covisian.com\\\/#\\\/schema\\\/logo\\\/image\\\/\",\"url\":\"https:\\\/\\\/covisian.com\\\/wp-content\\\/uploads\\\/2023\\\/06\\\/cropped-logo.png\",\"contentUrl\":\"https:\\\/\\\/covisian.com\\\/wp-content\\\/uploads\\\/2023\\\/06\\\/cropped-logo.png\",\"width\":464,\"height\":89,\"caption\":\"Covisian\"},\"image\":{\"@id\":\"https:\\\/\\\/covisian.com\\\/#\\\/schema\\\/logo\\\/image\\\/\"}}]}<\/script>\n<!-- \/ Yoast SEO plugin. -->","yoast_head_json":{"title":"Privacy Policy - Covisian","description":"Leggi la nostra informativa sulla privacy per comprendere come proteggiamo i tuoi dati personali e garantiamo la tua sicurezza.","robots":{"index":"index","follow":"follow","max-snippet":"max-snippet:-1","max-image-preview":"max-image-preview:large","max-video-preview":"max-video-preview:-1"},"canonical":"https:\/\/covisian.com\/it\/wp-json\/wp\/v2\/pages\/4951","og_locale":"it_IT","og_type":"article","og_title":"Privacy Policy - Covisian","og_description":"Leggi la nostra informativa sulla privacy per comprendere come proteggiamo i tuoi dati personali e garantiamo la tua sicurezza.","og_url":"https:\/\/covisian.com\/it\/privacy-policy\/","og_site_name":"Covisian","article_modified_time":"2024-07-01T06:47:55+00:00","twitter_card":"summary_large_image","twitter_misc":{"Tempo di lettura stimato":"5 minuti"},"schema":{"@context":"https:\/\/schema.org","@graph":[{"@type":"WebPage","@id":"https:\/\/covisian.com\/it\/privacy-policy\/","url":"https:\/\/covisian.com\/it\/privacy-policy\/","name":"Privacy Policy - Covisian","isPartOf":{"@id":"https:\/\/covisian.com\/#website"},"datePublished":"2023-07-31T16:13:40+00:00","dateModified":"2024-07-01T06:47:55+00:00","description":"Leggi la nostra informativa sulla privacy per comprendere come proteggiamo i tuoi dati personali e garantiamo la tua sicurezza.","breadcrumb":{"@id":"https:\/\/covisian.com\/it\/privacy-policy\/#breadcrumb"},"inLanguage":"it-IT","potentialAction":[{"@type":"ReadAction","target":["https:\/\/covisian.com\/it\/privacy-policy\/"]}]},{"@type":"BreadcrumbList","@id":"https:\/\/covisian.com\/it\/privacy-policy\/#breadcrumb","itemListElement":[{"@type":"ListItem","position":1,"name":"Home","item":"https:\/\/covisian.com\/it\/"},{"@type":"ListItem","position":2,"name":"Privacy Policy"}]},{"@type":"WebSite","@id":"https:\/\/covisian.com\/#website","url":"https:\/\/covisian.com\/","name":"Covisian","description":"","publisher":{"@id":"https:\/\/covisian.com\/#organization"},"potentialAction":[{"@type":"SearchAction","target":{"@type":"EntryPoint","urlTemplate":"https:\/\/covisian.com\/?s={search_term_string}"},"query-input":{"@type":"PropertyValueSpecification","valueRequired":true,"valueName":"search_term_string"}}],"inLanguage":"it-IT"},{"@type":"Organization","@id":"https:\/\/covisian.com\/#organization","name":"Covisian","url":"https:\/\/covisian.com\/","logo":{"@type":"ImageObject","inLanguage":"it-IT","@id":"https:\/\/covisian.com\/#\/schema\/logo\/image\/","url":"https:\/\/covisian.com\/wp-content\/uploads\/2023\/06\/cropped-logo.png","contentUrl":"https:\/\/covisian.com\/wp-content\/uploads\/2023\/06\/cropped-logo.png","width":464,"height":89,"caption":"Covisian"},"image":{"@id":"https:\/\/covisian.com\/#\/schema\/logo\/image\/"}}]}},"jetpack_sharing_enabled":true,"_links":{"self":[{"href":"https:\/\/covisian.com\/it\/wp-json\/wp\/v2\/pages\/4951","targetHints":{"allow":["GET"]}}],"collection":[{"href":"https:\/\/covisian.com\/it\/wp-json\/wp\/v2\/pages"}],"about":[{"href":"https:\/\/covisian.com\/it\/wp-json\/wp\/v2\/types\/page"}],"author":[{"embeddable":true,"href":"https:\/\/covisian.com\/it\/wp-json\/wp\/v2\/users\/20"}],"replies":[{"embeddable":true,"href":"https:\/\/covisian.com\/it\/wp-json\/wp\/v2\/comments?post=4951"}],"version-history":[{"count":5,"href":"https:\/\/covisian.com\/it\/wp-json\/wp\/v2\/pages\/4951\/revisions"}],"predecessor-version":[{"id":7919,"href":"https:\/\/covisian.com\/it\/wp-json\/wp\/v2\/pages\/4951\/revisions\/7919"}],"wp:attachment":[{"href":"https:\/\/covisian.com\/it\/wp-json\/wp\/v2\/media?parent=4951"}],"wp:term":[{"taxonomy":"industry","embeddable":true,"href":"https:\/\/covisian.com\/it\/wp-json\/wp\/v2\/industry?post=4951"}],"curies":[{"name":"wp","href":"https:\/\/api.w.org\/{rel}","templated":true}]}}