{"id":9329,"date":"2024-04-18T12:30:00","date_gmt":"2024-04-18T10:30:00","guid":{"rendered":"https:\/\/covisian.com\/product\/cx-remote-control-room\/"},"modified":"2024-07-01T11:11:41","modified_gmt":"2024-07-01T09:11:41","slug":"cx-remote-control-room","status":"publish","type":"product","link":"https:\/\/covisian.com\/it\/product\/cx-operations-core\/cx-remote-control-room\/","title":{"rendered":"CX Remote Control Room"},"content":{"rendered":"\n<p class=\"wp-block-paragraph\"><strong><strong>Massimizzare le performance e la redditivit\u00e0 attraverso la gestione degli operatori e l&#8217;ottimizzazione delle risorse.<\/strong><\/strong><\/p>\n\n\n\n<p class=\"wp-block-paragraph\">Una gestione efficace del personale e delle attivit\u00e0 all&#8217;interno di un Contact Center \u00e8 fondamentale per massimizzare l&#8217;efficienza e la redditivit\u00e0. Non tutte le aziende, tuttavia, possiedono le risorse, le competenze e gli strumenti necessari per supervisionare in modo efficace le attivit\u00e0 del proprio Contact Center. L&#8217;outsourcing di questo servizio diventa fondamentale per sfruttarne appieno tutte le potenzialit\u00e0.<\/p>\n\n\n\n<p class=\"wp-block-paragraph\"><strong>CX Remote Control Room <\/strong>\u00e8 una soluzione completa che sfrutta un\u2019esperienza pluriennale nella gestione di decine di migliaia di operatori in tutto il mondo.\u00a0 Garantisce una gestione ottimale degli operatori e del team, offrendo una pianificazione meticolosa che ottimizza l&#8217;allocazione delle risorse, migliora le performance ed evita perdite di tempo. Inoltre, genera report in tempo reale, assicurando un monitoraggio continuo per colmare il gap tra risultati pianificati e risultati effettivi.<\/p>\n","protected":false},"featured_media":0,"parent":9331,"menu_order":0,"template":"","product_category":[629],"class_list":["post-9329","product","type-product","status-publish","hentry"],"acf":[],"yoast_head":"<!-- This site is optimized with the Yoast SEO plugin v27.2 - https:\/\/yoast.com\/product\/yoast-seo-wordpress\/ -->\n<title>CX Remote Control Room - Covisian<\/title>\n<meta name=\"description\" content=\"Monitora e gestisci le operazioni del call center da remoto con CX Remote Control Room di Covisian. Soluzioni di controllo remoto avanzate.\" \/>\n<meta name=\"robots\" content=\"index, follow, max-snippet:-1, max-image-preview:large, max-video-preview:-1\" \/>\n<link rel=\"canonical\" href=\"https:\/\/covisian.com\/it\/wp-json\/wp\/v2\/product\/9329\" \/>\n<meta property=\"og:locale\" content=\"it_IT\" \/>\n<meta property=\"og:type\" content=\"article\" \/>\n<meta property=\"og:title\" content=\"CX Remote Control Room - Covisian\" \/>\n<meta property=\"og:description\" content=\"Monitora e gestisci le operazioni del call center da remoto con CX Remote Control Room di Covisian. Soluzioni di controllo remoto avanzate.\" \/>\n<meta property=\"og:url\" content=\"https:\/\/covisian.com\/it\/product\/cx-operations-core\/cx-remote-control-room\/\" \/>\n<meta property=\"og:site_name\" content=\"Covisian\" \/>\n<meta property=\"article:modified_time\" content=\"2024-07-01T09:11:41+00:00\" \/>\n<meta name=\"twitter:card\" content=\"summary_large_image\" \/>\n<meta name=\"twitter:label1\" content=\"Tempo di lettura stimato\" \/>\n\t<meta name=\"twitter:data1\" content=\"1 minuto\" \/>\n<script type=\"application\/ld+json\" class=\"yoast-schema-graph\">{\"@context\":\"https:\/\/schema.org\",\"@graph\":[{\"@type\":\"WebPage\",\"@id\":\"https:\/\/covisian.com\/it\/product\/cx-operations-core\/cx-remote-control-room\/\",\"url\":\"https:\/\/covisian.com\/it\/product\/cx-operations-core\/cx-remote-control-room\/\",\"name\":\"CX Remote Control Room - Covisian\",\"isPartOf\":{\"@id\":\"https:\/\/covisian.com\/#website\"},\"datePublished\":\"2024-04-18T10:30:00+00:00\",\"dateModified\":\"2024-07-01T09:11:41+00:00\",\"description\":\"Monitora e gestisci le operazioni del call center da remoto con CX Remote Control Room di Covisian. Soluzioni di controllo remoto avanzate.\",\"breadcrumb\":{\"@id\":\"https:\/\/covisian.com\/it\/product\/cx-operations-core\/cx-remote-control-room\/#breadcrumb\"},\"inLanguage\":\"it-IT\",\"potentialAction\":[{\"@type\":\"ReadAction\",\"target\":[\"https:\/\/covisian.com\/it\/product\/cx-operations-core\/cx-remote-control-room\/\"]}]},{\"@type\":\"BreadcrumbList\",\"@id\":\"https:\/\/covisian.com\/it\/product\/cx-operations-core\/cx-remote-control-room\/#breadcrumb\",\"itemListElement\":[{\"@type\":\"ListItem\",\"position\":1,\"name\":\"Home\",\"item\":\"https:\/\/covisian.com\/it\/\"},{\"@type\":\"ListItem\",\"position\":2,\"name\":\"CX Operations core\",\"item\":\"https:\/\/covisian.com\/it\/product\/cx-operations-core\/\"},{\"@type\":\"ListItem\",\"position\":3,\"name\":\"CX Remote Control Room\"}]},{\"@type\":\"WebSite\",\"@id\":\"https:\/\/covisian.com\/#website\",\"url\":\"https:\/\/covisian.com\/\",\"name\":\"Covisian\",\"description\":\"\",\"publisher\":{\"@id\":\"https:\/\/covisian.com\/#organization\"},\"potentialAction\":[{\"@type\":\"SearchAction\",\"target\":{\"@type\":\"EntryPoint\",\"urlTemplate\":\"https:\/\/covisian.com\/?s={search_term_string}\"},\"query-input\":{\"@type\":\"PropertyValueSpecification\",\"valueRequired\":true,\"valueName\":\"search_term_string\"}}],\"inLanguage\":\"it-IT\"},{\"@type\":\"Organization\",\"@id\":\"https:\/\/covisian.com\/#organization\",\"name\":\"Covisian\",\"url\":\"https:\/\/covisian.com\/\",\"logo\":{\"@type\":\"ImageObject\",\"inLanguage\":\"it-IT\",\"@id\":\"https:\/\/covisian.com\/#\/schema\/logo\/image\/\",\"url\":\"https:\/\/covisian.com\/wp-content\/uploads\/2023\/06\/cropped-logo.png\",\"contentUrl\":\"https:\/\/covisian.com\/wp-content\/uploads\/2023\/06\/cropped-logo.png\",\"width\":464,\"height\":89,\"caption\":\"Covisian\"},\"image\":{\"@id\":\"https:\/\/covisian.com\/#\/schema\/logo\/image\/\"}}]}<\/script>\n<!-- \/ Yoast SEO plugin. -->","yoast_head_json":{"title":"CX Remote Control Room - Covisian","description":"Monitora e gestisci le operazioni del call center da remoto con CX Remote Control Room di Covisian. Soluzioni di controllo remoto avanzate.","robots":{"index":"index","follow":"follow","max-snippet":"max-snippet:-1","max-image-preview":"max-image-preview:large","max-video-preview":"max-video-preview:-1"},"canonical":"https:\/\/covisian.com\/it\/wp-json\/wp\/v2\/product\/9329","og_locale":"it_IT","og_type":"article","og_title":"CX Remote Control Room - Covisian","og_description":"Monitora e gestisci le operazioni del call center da remoto con CX Remote Control Room di Covisian. Soluzioni di controllo remoto avanzate.","og_url":"https:\/\/covisian.com\/it\/product\/cx-operations-core\/cx-remote-control-room\/","og_site_name":"Covisian","article_modified_time":"2024-07-01T09:11:41+00:00","twitter_card":"summary_large_image","twitter_misc":{"Tempo di lettura stimato":"1 minuto"},"schema":{"@context":"https:\/\/schema.org","@graph":[{"@type":"WebPage","@id":"https:\/\/covisian.com\/it\/product\/cx-operations-core\/cx-remote-control-room\/","url":"https:\/\/covisian.com\/it\/product\/cx-operations-core\/cx-remote-control-room\/","name":"CX Remote Control Room - Covisian","isPartOf":{"@id":"https:\/\/covisian.com\/#website"},"datePublished":"2024-04-18T10:30:00+00:00","dateModified":"2024-07-01T09:11:41+00:00","description":"Monitora e gestisci le operazioni del call center da remoto con CX Remote Control Room di Covisian. Soluzioni di controllo remoto avanzate.","breadcrumb":{"@id":"https:\/\/covisian.com\/it\/product\/cx-operations-core\/cx-remote-control-room\/#breadcrumb"},"inLanguage":"it-IT","potentialAction":[{"@type":"ReadAction","target":["https:\/\/covisian.com\/it\/product\/cx-operations-core\/cx-remote-control-room\/"]}]},{"@type":"BreadcrumbList","@id":"https:\/\/covisian.com\/it\/product\/cx-operations-core\/cx-remote-control-room\/#breadcrumb","itemListElement":[{"@type":"ListItem","position":1,"name":"Home","item":"https:\/\/covisian.com\/it\/"},{"@type":"ListItem","position":2,"name":"CX Operations core","item":"https:\/\/covisian.com\/it\/product\/cx-operations-core\/"},{"@type":"ListItem","position":3,"name":"CX Remote Control Room"}]},{"@type":"WebSite","@id":"https:\/\/covisian.com\/#website","url":"https:\/\/covisian.com\/","name":"Covisian","description":"","publisher":{"@id":"https:\/\/covisian.com\/#organization"},"potentialAction":[{"@type":"SearchAction","target":{"@type":"EntryPoint","urlTemplate":"https:\/\/covisian.com\/?s={search_term_string}"},"query-input":{"@type":"PropertyValueSpecification","valueRequired":true,"valueName":"search_term_string"}}],"inLanguage":"it-IT"},{"@type":"Organization","@id":"https:\/\/covisian.com\/#organization","name":"Covisian","url":"https:\/\/covisian.com\/","logo":{"@type":"ImageObject","inLanguage":"it-IT","@id":"https:\/\/covisian.com\/#\/schema\/logo\/image\/","url":"https:\/\/covisian.com\/wp-content\/uploads\/2023\/06\/cropped-logo.png","contentUrl":"https:\/\/covisian.com\/wp-content\/uploads\/2023\/06\/cropped-logo.png","width":464,"height":89,"caption":"Covisian"},"image":{"@id":"https:\/\/covisian.com\/#\/schema\/logo\/image\/"}}]}},"jetpack_sharing_enabled":true,"_links":{"self":[{"href":"https:\/\/covisian.com\/it\/wp-json\/wp\/v2\/product\/9329","targetHints":{"allow":["GET"]}}],"collection":[{"href":"https:\/\/covisian.com\/it\/wp-json\/wp\/v2\/product"}],"about":[{"href":"https:\/\/covisian.com\/it\/wp-json\/wp\/v2\/types\/product"}],"up":[{"embeddable":true,"href":"https:\/\/covisian.com\/it\/wp-json\/wp\/v2\/product\/9331"}],"wp:attachment":[{"href":"https:\/\/covisian.com\/it\/wp-json\/wp\/v2\/media?parent=9329"}],"wp:term":[{"taxonomy":"product_category","embeddable":true,"href":"https:\/\/covisian.com\/it\/wp-json\/wp\/v2\/product_category?post=9329"}],"curies":[{"name":"wp","href":"https:\/\/api.w.org\/{rel}","templated":true}]}}