{"id":18284,"date":"2025-10-26T19:54:53","date_gmt":"2025-10-26T17:54:53","guid":{"rendered":"https:\/\/covisian.com\/?page_id=18284"},"modified":"2025-11-06T17:47:52","modified_gmt":"2025-11-06T15:47:52","slug":"smile-cx-ai-powered-by-humans","status":"publish","type":"page","link":"https:\/\/covisian.com\/pe\/","title":{"rendered":"New home &#8211; BPO"},"content":{"rendered":"","protected":false},"excerpt":{"rendered":"","protected":false},"author":9,"featured_media":0,"parent":0,"menu_order":0,"comment_status":"closed","ping_status":"closed","template":"page-new-home.php","meta":{"_acf_changed":false,"_crdt_document":"","content-type":"","footnotes":""},"industry":[],"class_list":["post-18284","page","type-page","status-publish","hentry"],"acf":[],"yoast_head":"<!-- This site is optimized with the Yoast SEO plugin v27.3 - https:\/\/yoast.com\/product\/yoast-seo-wordpress\/ -->\n<title>Covisian<\/title>\n<meta name=\"description\" content=\"Covisian es una compa\u00f1\u00eda tecnol\u00f3gica con m\u00e1s de 25 a\u00f1os de experiencia. Ofrecemos software y servicios para mejorar tu servicio de atenci\u00f3n al cliente\" \/>\n<meta name=\"robots\" content=\"index, follow, max-snippet:-1, max-image-preview:large, max-video-preview:-1\" \/>\n<link rel=\"canonical\" href=\"https:\/\/covisian.com\/pe\/wp-json\/wp\/v2\/pages\/18284\" \/>\n<meta property=\"og:locale\" content=\"es_ES\" \/>\n<meta property=\"og:type\" content=\"article\" \/>\n<meta property=\"og:title\" content=\"Covisian\" \/>\n<meta property=\"og:description\" content=\"Covisian es una compa\u00f1\u00eda tecnol\u00f3gica con m\u00e1s de 25 a\u00f1os de experiencia. Ofrecemos software y servicios para mejorar tu servicio de atenci\u00f3n al cliente\" \/>\n<meta property=\"og:url\" content=\"https:\/\/covisian.com\/pe\/\" \/>\n<meta property=\"og:site_name\" content=\"Covisian\" \/>\n<meta property=\"article:modified_time\" content=\"2025-11-06T15:47:52+00:00\" \/>\n<meta name=\"twitter:card\" content=\"summary_large_image\" \/>\n<script type=\"application\/ld+json\" class=\"yoast-schema-graph\">{\"@context\":\"https:\\\/\\\/schema.org\",\"@graph\":[{\"@type\":\"WebPage\",\"@id\":\"https:\\\/\\\/covisian.com\\\/pe\\\/\",\"url\":\"https:\\\/\\\/covisian.com\\\/pe\\\/\",\"name\":\"Covisian\",\"isPartOf\":{\"@id\":\"https:\\\/\\\/covisian.com\\\/#website\"},\"datePublished\":\"2025-10-26T17:54:53+00:00\",\"dateModified\":\"2025-11-06T15:47:52+00:00\",\"description\":\"Covisian es una compa\u00f1\u00eda tecnol\u00f3gica con m\u00e1s de 25 a\u00f1os de experiencia. Ofrecemos software y servicios para mejorar tu servicio de atenci\u00f3n al cliente\",\"breadcrumb\":{\"@id\":\"https:\\\/\\\/covisian.com\\\/pe\\\/#breadcrumb\"},\"inLanguage\":\"es-PE\",\"potentialAction\":[{\"@type\":\"ReadAction\",\"target\":[\"https:\\\/\\\/covisian.com\\\/pe\\\/\"]}]},{\"@type\":\"BreadcrumbList\",\"@id\":\"https:\\\/\\\/covisian.com\\\/pe\\\/#breadcrumb\",\"itemListElement\":[{\"@type\":\"ListItem\",\"position\":1,\"name\":\"Home\",\"item\":\"https:\\\/\\\/covisian.com\\\/pe\\\/\"},{\"@type\":\"ListItem\",\"position\":2,\"name\":\"New home &#8211; BPO\"}]},{\"@type\":\"WebSite\",\"@id\":\"https:\\\/\\\/covisian.com\\\/#website\",\"url\":\"https:\\\/\\\/covisian.com\\\/\",\"name\":\"Covisian\",\"description\":\"\",\"publisher\":{\"@id\":\"https:\\\/\\\/covisian.com\\\/#organization\"},\"potentialAction\":[{\"@type\":\"SearchAction\",\"target\":{\"@type\":\"EntryPoint\",\"urlTemplate\":\"https:\\\/\\\/covisian.com\\\/?s={search_term_string}\"},\"query-input\":{\"@type\":\"PropertyValueSpecification\",\"valueRequired\":true,\"valueName\":\"search_term_string\"}}],\"inLanguage\":\"es-PE\"},{\"@type\":\"Organization\",\"@id\":\"https:\\\/\\\/covisian.com\\\/#organization\",\"name\":\"Covisian\",\"url\":\"https:\\\/\\\/covisian.com\\\/\",\"logo\":{\"@type\":\"ImageObject\",\"inLanguage\":\"es-PE\",\"@id\":\"https:\\\/\\\/covisian.com\\\/#\\\/schema\\\/logo\\\/image\\\/\",\"url\":\"https:\\\/\\\/covisian.com\\\/wp-content\\\/uploads\\\/2023\\\/06\\\/cropped-logo.png\",\"contentUrl\":\"https:\\\/\\\/covisian.com\\\/wp-content\\\/uploads\\\/2023\\\/06\\\/cropped-logo.png\",\"width\":464,\"height\":89,\"caption\":\"Covisian\"},\"image\":{\"@id\":\"https:\\\/\\\/covisian.com\\\/#\\\/schema\\\/logo\\\/image\\\/\"}}]}<\/script>\n<!-- \/ Yoast SEO plugin. -->","yoast_head_json":{"title":"Covisian","description":"Covisian es una compa\u00f1\u00eda tecnol\u00f3gica con m\u00e1s de 25 a\u00f1os de experiencia. Ofrecemos software y servicios para mejorar tu servicio de atenci\u00f3n al cliente","robots":{"index":"index","follow":"follow","max-snippet":"max-snippet:-1","max-image-preview":"max-image-preview:large","max-video-preview":"max-video-preview:-1"},"canonical":"https:\/\/covisian.com\/pe\/wp-json\/wp\/v2\/pages\/18284","og_locale":"es_ES","og_type":"article","og_title":"Covisian","og_description":"Covisian es una compa\u00f1\u00eda tecnol\u00f3gica con m\u00e1s de 25 a\u00f1os de experiencia. Ofrecemos software y servicios para mejorar tu servicio de atenci\u00f3n al cliente","og_url":"https:\/\/covisian.com\/pe\/","og_site_name":"Covisian","article_modified_time":"2025-11-06T15:47:52+00:00","twitter_card":"summary_large_image","schema":{"@context":"https:\/\/schema.org","@graph":[{"@type":"WebPage","@id":"https:\/\/covisian.com\/pe\/","url":"https:\/\/covisian.com\/pe\/","name":"Covisian","isPartOf":{"@id":"https:\/\/covisian.com\/#website"},"datePublished":"2025-10-26T17:54:53+00:00","dateModified":"2025-11-06T15:47:52+00:00","description":"Covisian es una compa\u00f1\u00eda tecnol\u00f3gica con m\u00e1s de 25 a\u00f1os de experiencia. Ofrecemos software y servicios para mejorar tu servicio de atenci\u00f3n al cliente","breadcrumb":{"@id":"https:\/\/covisian.com\/pe\/#breadcrumb"},"inLanguage":"es-PE","potentialAction":[{"@type":"ReadAction","target":["https:\/\/covisian.com\/pe\/"]}]},{"@type":"BreadcrumbList","@id":"https:\/\/covisian.com\/pe\/#breadcrumb","itemListElement":[{"@type":"ListItem","position":1,"name":"Home","item":"https:\/\/covisian.com\/pe\/"},{"@type":"ListItem","position":2,"name":"New home &#8211; BPO"}]},{"@type":"WebSite","@id":"https:\/\/covisian.com\/#website","url":"https:\/\/covisian.com\/","name":"Covisian","description":"","publisher":{"@id":"https:\/\/covisian.com\/#organization"},"potentialAction":[{"@type":"SearchAction","target":{"@type":"EntryPoint","urlTemplate":"https:\/\/covisian.com\/?s={search_term_string}"},"query-input":{"@type":"PropertyValueSpecification","valueRequired":true,"valueName":"search_term_string"}}],"inLanguage":"es-PE"},{"@type":"Organization","@id":"https:\/\/covisian.com\/#organization","name":"Covisian","url":"https:\/\/covisian.com\/","logo":{"@type":"ImageObject","inLanguage":"es-PE","@id":"https:\/\/covisian.com\/#\/schema\/logo\/image\/","url":"https:\/\/covisian.com\/wp-content\/uploads\/2023\/06\/cropped-logo.png","contentUrl":"https:\/\/covisian.com\/wp-content\/uploads\/2023\/06\/cropped-logo.png","width":464,"height":89,"caption":"Covisian"},"image":{"@id":"https:\/\/covisian.com\/#\/schema\/logo\/image\/"}}]}},"jetpack_sharing_enabled":true,"_links":{"self":[{"href":"https:\/\/covisian.com\/pe\/wp-json\/wp\/v2\/pages\/18284","targetHints":{"allow":["GET"]}}],"collection":[{"href":"https:\/\/covisian.com\/pe\/wp-json\/wp\/v2\/pages"}],"about":[{"href":"https:\/\/covisian.com\/pe\/wp-json\/wp\/v2\/types\/page"}],"author":[{"embeddable":true,"href":"https:\/\/covisian.com\/pe\/wp-json\/wp\/v2\/users\/9"}],"replies":[{"embeddable":true,"href":"https:\/\/covisian.com\/pe\/wp-json\/wp\/v2\/comments?post=18284"}],"version-history":[{"count":3,"href":"https:\/\/covisian.com\/pe\/wp-json\/wp\/v2\/pages\/18284\/revisions"}],"predecessor-version":[{"id":19165,"href":"https:\/\/covisian.com\/pe\/wp-json\/wp\/v2\/pages\/18284\/revisions\/19165"}],"wp:attachment":[{"href":"https:\/\/covisian.com\/pe\/wp-json\/wp\/v2\/media?parent=18284"}],"wp:term":[{"taxonomy":"industry","embeddable":true,"href":"https:\/\/covisian.com\/pe\/wp-json\/wp\/v2\/industry?post=18284"}],"curies":[{"name":"wp","href":"https:\/\/api.w.org\/{rel}","templated":true}]}}