{"id":6198,"date":"2023-07-26T09:24:37","date_gmt":"2023-07-26T07:24:37","guid":{"rendered":"https:\/\/covisian.com\/initiatives\/"},"modified":"2025-01-09T14:24:36","modified_gmt":"2025-01-09T12:24:36","slug":"initiatives","status":"publish","type":"page","link":"https:\/\/covisian.com\/pe\/insights\/initiatives\/","title":{"rendered":"Iniciativas"},"content":{"rendered":"","protected":false},"excerpt":{"rendered":"","protected":false},"author":20,"featured_media":6201,"parent":14640,"menu_order":23,"comment_status":"closed","ping_status":"closed","template":"page-initiatives.php","meta":{"_acf_changed":false,"_crdt_document":"","content-type":"","footnotes":""},"industry":[],"class_list":["post-6198","page","type-page","status-publish","has-post-thumbnail","hentry"],"acf":[],"yoast_head":"<!-- This site is optimized with the Yoast SEO plugin v27.0 - https:\/\/yoast.com\/product\/yoast-seo-wordpress\/ -->\n<title>Iniciativas de formaci\u00f3n e innovaci\u00f3n tecnol\u00f3gica - Covisian<\/title>\n<meta name=\"description\" content=\"Conoce Smile.cx Academy, nuestra iniciativa formativa para ejecutivos y Smile.cx Accelerating Innovation, nuestra iniciativa de innovaci\u00f3n para startups.\" \/>\n<meta name=\"robots\" content=\"index, follow, max-snippet:-1, max-image-preview:large, max-video-preview:-1\" \/>\n<link rel=\"canonical\" href=\"https:\/\/covisian.com\/pe\/wp-json\/wp\/v2\/pages\/6198\" \/>\n<meta property=\"og:locale\" content=\"es_ES\" \/>\n<meta property=\"og:type\" content=\"article\" \/>\n<meta property=\"og:title\" content=\"Iniciativas de formaci\u00f3n e innovaci\u00f3n tecnol\u00f3gica - Covisian\" \/>\n<meta property=\"og:description\" content=\"Conoce Smile.cx Academy, nuestra iniciativa formativa para ejecutivos y Smile.cx Accelerating Innovation, nuestra iniciativa de innovaci\u00f3n para startups.\" \/>\n<meta property=\"og:url\" content=\"https:\/\/covisian.com\/pe\/insights\/initiatives\/\" \/>\n<meta property=\"og:site_name\" content=\"Covisian\" \/>\n<meta property=\"article:modified_time\" content=\"2025-01-09T12:24:36+00:00\" \/>\n<meta property=\"og:image\" content=\"https:\/\/covisian.com\/wp-content\/uploads\/2023\/07\/initiatives.png\" \/>\n\t<meta property=\"og:image:width\" content=\"411\" \/>\n\t<meta property=\"og:image:height\" content=\"450\" \/>\n\t<meta property=\"og:image:type\" content=\"image\/png\" \/>\n<meta name=\"twitter:card\" content=\"summary_large_image\" \/>\n<meta name=\"twitter:label1\" content=\"Est. reading time\" \/>\n\t<meta name=\"twitter:data1\" content=\"1 minuto\" \/>\n<script type=\"application\/ld+json\" class=\"yoast-schema-graph\">{\"@context\":\"https:\/\/schema.org\",\"@graph\":[{\"@type\":\"WebPage\",\"@id\":\"https:\/\/covisian.com\/pe\/insights\/initiatives\/\",\"url\":\"https:\/\/covisian.com\/pe\/insights\/initiatives\/\",\"name\":\"Iniciativas de formaci\u00f3n e innovaci\u00f3n tecnol\u00f3gica - Covisian\",\"isPartOf\":{\"@id\":\"https:\/\/covisian.com\/#website\"},\"primaryImageOfPage\":{\"@id\":\"https:\/\/covisian.com\/pe\/insights\/initiatives\/#primaryimage\"},\"image\":{\"@id\":\"https:\/\/covisian.com\/pe\/insights\/initiatives\/#primaryimage\"},\"thumbnailUrl\":\"https:\/\/covisian.com\/wp-content\/uploads\/2023\/07\/initiatives.png\",\"datePublished\":\"2023-07-26T07:24:37+00:00\",\"dateModified\":\"2025-01-09T12:24:36+00:00\",\"description\":\"Conoce Smile.cx Academy, nuestra iniciativa formativa para ejecutivos y Smile.cx Accelerating Innovation, nuestra iniciativa de innovaci\u00f3n para startups.\",\"breadcrumb\":{\"@id\":\"https:\/\/covisian.com\/pe\/insights\/initiatives\/#breadcrumb\"},\"inLanguage\":\"es-PE\",\"potentialAction\":[{\"@type\":\"ReadAction\",\"target\":[\"https:\/\/covisian.com\/pe\/insights\/initiatives\/\"]}]},{\"@type\":\"ImageObject\",\"inLanguage\":\"es-PE\",\"@id\":\"https:\/\/covisian.com\/pe\/insights\/initiatives\/#primaryimage\",\"url\":\"https:\/\/covisian.com\/wp-content\/uploads\/2023\/07\/initiatives.png\",\"contentUrl\":\"https:\/\/covisian.com\/wp-content\/uploads\/2023\/07\/initiatives.png\",\"width\":411,\"height\":450,\"caption\":\"Mano sosteniendo manzana\"},{\"@type\":\"BreadcrumbList\",\"@id\":\"https:\/\/covisian.com\/pe\/insights\/initiatives\/#breadcrumb\",\"itemListElement\":[{\"@type\":\"ListItem\",\"position\":1,\"name\":\"Home\",\"item\":\"https:\/\/covisian.com\/pe\/\"},{\"@type\":\"ListItem\",\"position\":2,\"name\":\"Insights\",\"item\":\"https:\/\/covisian.com\/pe\/insights\/\"},{\"@type\":\"ListItem\",\"position\":3,\"name\":\"Iniciativas\"}]},{\"@type\":\"WebSite\",\"@id\":\"https:\/\/covisian.com\/#website\",\"url\":\"https:\/\/covisian.com\/\",\"name\":\"Covisian\",\"description\":\"\",\"publisher\":{\"@id\":\"https:\/\/covisian.com\/#organization\"},\"potentialAction\":[{\"@type\":\"SearchAction\",\"target\":{\"@type\":\"EntryPoint\",\"urlTemplate\":\"https:\/\/covisian.com\/?s={search_term_string}\"},\"query-input\":{\"@type\":\"PropertyValueSpecification\",\"valueRequired\":true,\"valueName\":\"search_term_string\"}}],\"inLanguage\":\"es-PE\"},{\"@type\":\"Organization\",\"@id\":\"https:\/\/covisian.com\/#organization\",\"name\":\"Covisian\",\"url\":\"https:\/\/covisian.com\/\",\"logo\":{\"@type\":\"ImageObject\",\"inLanguage\":\"es-PE\",\"@id\":\"https:\/\/covisian.com\/#\/schema\/logo\/image\/\",\"url\":\"https:\/\/covisian.com\/wp-content\/uploads\/2023\/06\/cropped-logo.png\",\"contentUrl\":\"https:\/\/covisian.com\/wp-content\/uploads\/2023\/06\/cropped-logo.png\",\"width\":464,\"height\":89,\"caption\":\"Covisian\"},\"image\":{\"@id\":\"https:\/\/covisian.com\/#\/schema\/logo\/image\/\"}}]}<\/script>\n<!-- \/ Yoast SEO plugin. -->","yoast_head_json":{"title":"Iniciativas de formaci\u00f3n e innovaci\u00f3n tecnol\u00f3gica - Covisian","description":"Conoce Smile.cx Academy, nuestra iniciativa formativa para ejecutivos y Smile.cx Accelerating Innovation, nuestra iniciativa de innovaci\u00f3n para startups.","robots":{"index":"index","follow":"follow","max-snippet":"max-snippet:-1","max-image-preview":"max-image-preview:large","max-video-preview":"max-video-preview:-1"},"canonical":"https:\/\/covisian.com\/pe\/wp-json\/wp\/v2\/pages\/6198","og_locale":"es_ES","og_type":"article","og_title":"Iniciativas de formaci\u00f3n e innovaci\u00f3n tecnol\u00f3gica - Covisian","og_description":"Conoce Smile.cx Academy, nuestra iniciativa formativa para ejecutivos y Smile.cx Accelerating Innovation, nuestra iniciativa de innovaci\u00f3n para startups.","og_url":"https:\/\/covisian.com\/pe\/insights\/initiatives\/","og_site_name":"Covisian","article_modified_time":"2025-01-09T12:24:36+00:00","og_image":[{"width":411,"height":450,"url":"https:\/\/covisian.com\/wp-content\/uploads\/2023\/07\/initiatives.png","type":"image\/png"}],"twitter_card":"summary_large_image","twitter_misc":{"Est. reading time":"1 minuto"},"schema":{"@context":"https:\/\/schema.org","@graph":[{"@type":"WebPage","@id":"https:\/\/covisian.com\/pe\/insights\/initiatives\/","url":"https:\/\/covisian.com\/pe\/insights\/initiatives\/","name":"Iniciativas de formaci\u00f3n e innovaci\u00f3n tecnol\u00f3gica - Covisian","isPartOf":{"@id":"https:\/\/covisian.com\/#website"},"primaryImageOfPage":{"@id":"https:\/\/covisian.com\/pe\/insights\/initiatives\/#primaryimage"},"image":{"@id":"https:\/\/covisian.com\/pe\/insights\/initiatives\/#primaryimage"},"thumbnailUrl":"https:\/\/covisian.com\/wp-content\/uploads\/2023\/07\/initiatives.png","datePublished":"2023-07-26T07:24:37+00:00","dateModified":"2025-01-09T12:24:36+00:00","description":"Conoce Smile.cx Academy, nuestra iniciativa formativa para ejecutivos y Smile.cx Accelerating Innovation, nuestra iniciativa de innovaci\u00f3n para startups.","breadcrumb":{"@id":"https:\/\/covisian.com\/pe\/insights\/initiatives\/#breadcrumb"},"inLanguage":"es-PE","potentialAction":[{"@type":"ReadAction","target":["https:\/\/covisian.com\/pe\/insights\/initiatives\/"]}]},{"@type":"ImageObject","inLanguage":"es-PE","@id":"https:\/\/covisian.com\/pe\/insights\/initiatives\/#primaryimage","url":"https:\/\/covisian.com\/wp-content\/uploads\/2023\/07\/initiatives.png","contentUrl":"https:\/\/covisian.com\/wp-content\/uploads\/2023\/07\/initiatives.png","width":411,"height":450,"caption":"Mano sosteniendo manzana"},{"@type":"BreadcrumbList","@id":"https:\/\/covisian.com\/pe\/insights\/initiatives\/#breadcrumb","itemListElement":[{"@type":"ListItem","position":1,"name":"Home","item":"https:\/\/covisian.com\/pe\/"},{"@type":"ListItem","position":2,"name":"Insights","item":"https:\/\/covisian.com\/pe\/insights\/"},{"@type":"ListItem","position":3,"name":"Iniciativas"}]},{"@type":"WebSite","@id":"https:\/\/covisian.com\/#website","url":"https:\/\/covisian.com\/","name":"Covisian","description":"","publisher":{"@id":"https:\/\/covisian.com\/#organization"},"potentialAction":[{"@type":"SearchAction","target":{"@type":"EntryPoint","urlTemplate":"https:\/\/covisian.com\/?s={search_term_string}"},"query-input":{"@type":"PropertyValueSpecification","valueRequired":true,"valueName":"search_term_string"}}],"inLanguage":"es-PE"},{"@type":"Organization","@id":"https:\/\/covisian.com\/#organization","name":"Covisian","url":"https:\/\/covisian.com\/","logo":{"@type":"ImageObject","inLanguage":"es-PE","@id":"https:\/\/covisian.com\/#\/schema\/logo\/image\/","url":"https:\/\/covisian.com\/wp-content\/uploads\/2023\/06\/cropped-logo.png","contentUrl":"https:\/\/covisian.com\/wp-content\/uploads\/2023\/06\/cropped-logo.png","width":464,"height":89,"caption":"Covisian"},"image":{"@id":"https:\/\/covisian.com\/#\/schema\/logo\/image\/"}}]}},"jetpack_sharing_enabled":true,"_links":{"self":[{"href":"https:\/\/covisian.com\/pe\/wp-json\/wp\/v2\/pages\/6198","targetHints":{"allow":["GET"]}}],"collection":[{"href":"https:\/\/covisian.com\/pe\/wp-json\/wp\/v2\/pages"}],"about":[{"href":"https:\/\/covisian.com\/pe\/wp-json\/wp\/v2\/types\/page"}],"author":[{"embeddable":true,"href":"https:\/\/covisian.com\/pe\/wp-json\/wp\/v2\/users\/20"}],"replies":[{"embeddable":true,"href":"https:\/\/covisian.com\/pe\/wp-json\/wp\/v2\/comments?post=6198"}],"version-history":[{"count":4,"href":"https:\/\/covisian.com\/pe\/wp-json\/wp\/v2\/pages\/6198\/revisions"}],"predecessor-version":[{"id":10111,"href":"https:\/\/covisian.com\/pe\/wp-json\/wp\/v2\/pages\/6198\/revisions\/10111"}],"up":[{"embeddable":true,"href":"https:\/\/covisian.com\/pe\/wp-json\/wp\/v2\/pages\/14640"}],"wp:featuredmedia":[{"embeddable":true,"href":"https:\/\/covisian.com\/pe\/wp-json\/wp\/v2\/media\/6201"}],"wp:attachment":[{"href":"https:\/\/covisian.com\/pe\/wp-json\/wp\/v2\/media?parent=6198"}],"wp:term":[{"taxonomy":"industry","embeddable":true,"href":"https:\/\/covisian.com\/pe\/wp-json\/wp\/v2\/industry?post=6198"}],"curies":[{"name":"wp","href":"https:\/\/api.w.org\/{rel}","templated":true}]}}