{"id":6266,"date":"2023-07-31T18:13:40","date_gmt":"2023-07-31T16:13:40","guid":{"rendered":"https:\/\/covisian.com\/politica-de-privacidad\/"},"modified":"2024-11-29T10:52:51","modified_gmt":"2024-11-29T08:52:51","slug":"politica-de-privacidad","status":"publish","type":"page","link":"https:\/\/covisian.com\/pe\/politica-de-privacidad\/","title":{"rendered":"Pol\u00edtica de privacidad"},"content":{"rendered":"\n<p class=\"wp-block-paragraph\"><strong>Responsable del tratamiento de datos<\/strong><\/p>\n\n\n\n<p class=\"wp-block-paragraph\"><span style=\"font-weight: 400;\">Covisian S.p.A.,., con domicilio social en via dei Valtorta, 47 \u2013 20127 Milano (MI)) &#8211; correo electr\u00f3nico: <\/span><a href=\"mailto:privacy@covisian.com\"><span style=\"font-weight: 400;\">privacy@covisian.com<\/span><\/a><span style=\"font-weight: 400;\">.<\/span><\/p>\n\n\n\n<p class=\"wp-block-paragraph\">Los datos de contacto del RPD de la empresa son los siguientes: <a href=\"mailto:dpocorporate@covisian.com\">dpocorporate@covisian.com<\/a>.<\/p>\n\n\n\n<p class=\"wp-block-paragraph\"><strong>Categor\u00edas de datos procesados<\/strong><\/p>\n\n\n\n<p class=\"wp-block-paragraph\">Entre los Datos Personales recogidos por esta P\u00e1gina Web (en adelante, tambi\u00e9n \u00abDatos\u00bb), de forma aut\u00f3noma o a trav\u00e9s de terceros, se encuentran: direcciones IP o nombres de dominio de los ordenadores utilizados por los Usuarios que se conectan al P\u00e1gina Web, Datos de Uso.<\/p>\n\n\n\n<p class=\"wp-block-paragraph\">Los detalles completos sobre cada categor\u00eda de Datos recopilados se proporcionan en las secciones dedicadas de esta Pol\u00edtica de Privacidad o mediante textos informativos espec\u00edficos mostrados antes de la recopilaci\u00f3n de dichos Datos.<\/p>\n\n\n\n<p class=\"wp-block-paragraph\">Los Datos Personales pueden ser proporcionados libremente por el Usuario o, en el caso de los Datos de Uso, recogidos autom\u00e1ticamente durante el uso de esta P\u00e1gina Web.<\/p>\n\n\n\n<p class=\"wp-block-paragraph\">A menos que se especifique lo contrario, todos los Datos solicitados por esta P\u00e1gina Web son obligatorios. Si el Usuario se niega a proporcionarlos, puede resultar imposible para esta P\u00e1gina Web prestar el Servicio. En los casos en que esta P\u00e1gina Web indique que determinados Datos son opcionales, el Usuario es libre de abstenerse de comunicarlos, sin que ello tenga consecuencias sobre la disponibilidad del Servicio o su funcionamiento.<\/p>\n\n\n\n<p class=\"wp-block-paragraph\">Cualquier uso de cookies -o de otras herramientas de seguimiento- por parte de esta P\u00e1gina Web o de los titulares de servicios de terceros utilizados por esta P\u00e1gina Web, salvo que se especifique lo contrario, tiene como finalidad la prestaci\u00f3n del Servicio solicitado por el Usuario, adem\u00e1s de las finalidades adicionales descritas en este documento y en la Pol\u00edtica de Cookies.<\/p>\n\n\n\n<p class=\"wp-block-paragraph\">El Usuario asume la responsabilidad de los Datos Personales de terceros obtenidos, publicados o compartidos a trav\u00e9s de esta P\u00e1gina Web y garantiza que tiene derecho a comunicarlos o difundirlos, liberando al Responsable de cualquier responsabilidad frente a terceros.<\/p>\n\n\n\n<p class=\"wp-block-paragraph\"><strong>Finalidad del tratamiento de datos<\/strong><\/p>\n\n\n\n<p class=\"wp-block-paragraph\">Los Datos del Usuario se recopilan para que el Responsable del tratamiento pueda prestar el Servicio, cumplir con obligaciones legales, responder a solicitudes o acciones coercitivas, proteger sus derechos e intereses (o los de los Usuarios o terceros), detectar cualquier actividad maliciosa o fraudulenta y con fines estad\u00edsticos.<\/p>\n\n\n\n<p class=\"wp-block-paragraph\"><strong>Base jur\u00eddica del tratamiento<\/strong><\/p>\n\n\n\n<p class=\"wp-block-paragraph\">El Responsable del tratamiento procesa Datos Personales relativos al Usuario si se cumple una de las siguientes condiciones<\/p>\n\n\n\n<ul class=\"wp-block-list\">\n<li>el Usuario ha dado su consentimiento para uno o m\u00e1s fines espec\u00edficos (art. 6, par. 1, lett. a), RGPD);<\/li>\n\n\n\n<li>el tratamiento es necesario para la ejecuci\u00f3n de un contrato con el Usuario y\/o la ejecuci\u00f3n de medidas precontractuales (art. 6, par. 1, lett. b), RGPD);<\/li>\n\n\n\n<li>el tratamiento es necesario para el cumplimiento de una obligaci\u00f3n legal a la que est\u00e1 sujeto el Responsable del tratamiento (art. 6, par. 1, lett. c),RGPD);<\/li>\n\n\n\n<li>el tratamiento es necesario para la consecuci\u00f3n del inter\u00e9s leg\u00edtimo del Responsable del tratamiento o de un tercero (art. 6, par. 1, lett. f), RGPD).<\/li>\n<\/ul>\n\n\n\n<p class=\"wp-block-paragraph\">No obstante, siempre es posible solicitar al Responsable del tratamiento que aclare la base jur\u00eddica concreta de cada tratamiento.<\/p>\n\n\n\n<p class=\"wp-block-paragraph\"><strong>Formas de tratamiento<\/strong><\/p>\n\n\n\n<p class=\"wp-block-paragraph\">El Responsable del tratamiento adopta las medidas de seguridad adecuadas para impedir el acceso, la divulgaci\u00f3n, la modificaci\u00f3n o la destrucci\u00f3n no autorizados de los Datos Personales.<\/p>\n\n\n\n<p class=\"wp-block-paragraph\">El tratamiento se realiza mediante instrumentos inform\u00e1ticos y\/o telem\u00e1ticos, con modalidades organizativas y l\u00f3gicas estrictamente relacionadas con las finalidades indicadas. Adem\u00e1s del Responsable del tratamiento, en algunos casos, pueden tener acceso a los Datos otros sujetos implicados en la organizaci\u00f3n de esta P\u00e1gina Web (administrativos, comerciales, de marketing, jur\u00eddicos, administradores de sistemas) o sujetos externos (como terceros proveedores de servicios t\u00e9cnicos, proveedores de hosting, sociedades inform\u00e1ticas, agencias de comunicaci\u00f3n) tambi\u00e9n nombrados, si es necesario, Encargados del tratamiento por el Responsable del tratamiento. La lista actualizada de Encargados del tratamiento puede solicitarse siempre al Responsable del tratamiento.\n<\/p>\n\n\n\n<p class=\"wp-block-paragraph\"><strong>Lugar<\/strong><\/p>\n\n\n\n<p class=\"wp-block-paragraph\">Los Datos se procesan en la sede operativa del Responsable del tratamiento y en cualquier otro lugar en el que se encuentren las partes implicadas en el tratamiento.<\/p>\n\n\n\n<p class=\"wp-block-paragraph\"><strong>Plazo de conservaci\u00f3n<\/strong><\/p>\n\n\n\n<p class=\"wp-block-paragraph\">Los Datos se procesan y almacenan durante el tiempo requerido por los fines para los que se recogieron.\n<\/p>\n\n\n\n<ul class=\"wp-block-list\">\n<li>Los Datos Personales recogidos con fines relacionados con la ejecuci\u00f3n de un contrato entre el Responsable del tratamiento y el Usuario se conservar\u00e1n hasta que finalice la ejecuci\u00f3n de dicho contrato.<\/li>\n\n\n\n<li>Los Datos Personales recogidos con fines relacionados con el inter\u00e9s leg\u00edtimo del Responsable del tratamiento se conservar\u00e1n hasta que se satisfaga dicho inter\u00e9s. El Usuario podr\u00e1 obtener m\u00e1s informaci\u00f3n sobre el inter\u00e9s leg\u00edtimo perseguido por el Responsable del tratamiento poni\u00e9ndose en contacto con el Responsable del tratamiento.<\/li>\n<\/ul>\n\n\n\n<p class=\"wp-block-paragraph\">Cuando el tratamiento se base en el consentimiento del Usuario, el Responsable podr\u00e1 conservar los Datos hasta que dicho consentimiento sea revocado. El Responsable tambi\u00e9n puede estar obligado a conservar los Datos durante un periodo m\u00e1s largo en cumplimiento de una obligaci\u00f3n legal o por orden de una autoridad. <\/p>\n\n\n\n<p class=\"wp-block-paragraph\"> Al finalizar el periodo de conservaci\u00f3n, los Datos Personales ser\u00e1n eliminados.<\/p>\n\n\n\n<p class=\"wp-block-paragraph\"><strong>Derechos de los usuarios<\/strong><\/p>\n\n\n\n<p class=\"wp-block-paragraph\">El Usuario tiene derecho a solicitar al Responsable del tratamiento, de conformidad con las condiciones establecidas en el RGPD:<\/p>\n\n\n\n<ul class=\"wp-block-list\">\n<li>el acceso a los Datos que le conciernen, as\u00ed como su rectificaci\u00f3n<\/li>\n\n\n\n<li>la cancelaci\u00f3n de los Datos<\/li>\n\n\n\n<li>la limitaci\u00f3n del tratamiento<\/li>\n\n\n\n<li>la revocaci\u00f3n de cualquier consentimiento dado en cualquier momento. Dicha revocaci\u00f3n no afectar\u00e1 a la licitud del tratamiento efectuado antes de la revocaci\u00f3n del consentimiento; en la medida en que los Datos se traten con fines contractuales y\/o sobre la base de su consentimiento, y se traten por medios automatizados, la recepci\u00f3n de dichos Datos en un formato estructurado, de uso com\u00fan y lectura mec\u00e1nica y\/o la transmisi\u00f3n de los mismos Datos a otro Responsable del tratamiento (la denominada \u00abportabilidad\u00bb).\n\n<\/li>\n<\/ul>\n\n\n\n<p class=\"wp-block-paragraph\">Derecho de oposici\u00f3n: El usuario tiene derecho a oponerse en cualquier momento, por motivos relacionados con su situaci\u00f3n particular, a que el Responsable del tratamiento trate los datos para la consecuci\u00f3n de su inter\u00e9s leg\u00edtimo y a que sus datos personales sean objeto de tratamiento. <\/p>\n\n\n\n<p class=\"wp-block-paragraph\">Para ejercer sus derechos, puede ponerse en contacto con el Responsable del tratamiento en la siguiente direcci\u00f3n: privacy@covisian.com.<\/p>\n\n\n\n<p class=\"wp-block-paragraph\">El ejercicio de los derechos del interesado est\u00e1 sujeto a determinadas excepciones, en particular destinadas a salvaguardar el inter\u00e9s p\u00fablico (por ejemplo, la prevenci\u00f3n o detecci\u00f3n de delitos) y\/o a proteger los derechos del Responsable del tratamiento. En caso de que usted ejerza alguno de los derechos mencionados, corresponder\u00e1 al Responsable del Tratamiento comprobar que usted est\u00e1 legitimado para ejercer tales derechos, y normalmente recibir\u00e1 una respuesta en el plazo de un mes.<\/p>\n\n\n\n<p class=\"wp-block-paragraph\"><span style=\"font-weight: 400;\">En caso de que considere que el tratamiento de los Datos no se ajusta a lo dispuesto en el RGPD, tambi\u00e9n tiene derecho a presentar una <strong>reclamaci\u00f3n<\/strong> ante la Autoridad de Control de su pa\u00eds, o a emprender las acciones legales pertinentes.<\/span><\/p>\n\n\n\n<p class=\"wp-block-paragraph\"><strong>Pol\u00edtica de cookies<\/strong><\/p>\n\n\n\n<p class=\"wp-block-paragraph\">Esta P\u00e1gina Web hace uso de Herramientas de Seguimiento. Para saber m\u00e1s, el Usuario puede consultar la Pol\u00edtica de Cookies.<\/p>\n\n\n\n<p class=\"wp-block-paragraph\"><strong>Cambios en esta Pol\u00edtica de Privacidad<\/strong><\/p>\n\n\n\n<p class=\"wp-block-paragraph\">El Responsable del tratamiento se reserva el derecho a realizar cambios en esta Pol\u00edtica de Privacidad en cualquier momento, notificando a los Usuarios en esta P\u00e1gina Web. <\/p>\n\n\n\n<p class=\"wp-block-paragraph\">\u00daltima modificaci\u00f3n: 5 de enero de 2024<\/p>\n\n\n\n<p class=\"wp-block-paragraph\">&#8211;<\/p>\n","protected":false},"excerpt":{"rendered":"<p>Responsable del tratamiento de datos Covisian S.p.A.,., con domicilio social en via dei Valtorta, 47 \u2013 20127 Milano (MI)) &#8211; correo electr\u00f3nico: privacy@covisian.com. Los datos de contacto del RPD de la empresa son los siguientes: dpocorporate@covisian.com. Categor\u00edas de datos procesados Entre los Datos Personales recogidos por esta P\u00e1gina Web (en adelante, tambi\u00e9n \u00abDatos\u00bb), de forma [&hellip;]<\/p>\n","protected":false},"author":20,"featured_media":0,"parent":0,"menu_order":0,"comment_status":"closed","ping_status":"closed","template":"page-base.php","meta":{"_acf_changed":false,"_crdt_document":"","content-type":"","footnotes":""},"industry":[],"class_list":["post-6266","page","type-page","status-publish","hentry"],"acf":[],"yoast_head":"<!-- This site is optimized with the Yoast SEO plugin v27.1.1 - https:\/\/yoast.com\/product\/yoast-seo-wordpress\/ -->\n<title>Pol\u00edtica de privacidad - Covisian<\/title>\n<meta name=\"description\" content=\"Conoce qu\u00e9 datos recolectamos, la manera en que los usamos y procesamos, as\u00ed como tus derechos en materia de protecci\u00f3n de datos.\" \/>\n<meta name=\"robots\" content=\"index, follow, max-snippet:-1, max-image-preview:large, max-video-preview:-1\" \/>\n<link rel=\"canonical\" href=\"https:\/\/covisian.com\/pe\/wp-json\/wp\/v2\/pages\/6266\" \/>\n<meta property=\"og:locale\" content=\"es_ES\" \/>\n<meta property=\"og:type\" content=\"article\" \/>\n<meta property=\"og:title\" content=\"Pol\u00edtica de privacidad - Covisian\" \/>\n<meta property=\"og:description\" content=\"Conoce qu\u00e9 datos recolectamos, la manera en que los usamos y procesamos, as\u00ed como tus derechos en materia de protecci\u00f3n de datos.\" \/>\n<meta property=\"og:url\" content=\"https:\/\/covisian.com\/pe\/politica-de-privacidad\/\" \/>\n<meta property=\"og:site_name\" content=\"Covisian\" \/>\n<meta property=\"article:modified_time\" content=\"2024-11-29T08:52:51+00:00\" \/>\n<meta name=\"twitter:card\" content=\"summary_large_image\" \/>\n<meta name=\"twitter:label1\" content=\"Est. reading time\" \/>\n\t<meta name=\"twitter:data1\" content=\"6 minutos\" \/>\n<script type=\"application\/ld+json\" class=\"yoast-schema-graph\">{\"@context\":\"https:\/\/schema.org\",\"@graph\":[{\"@type\":\"WebPage\",\"@id\":\"https:\/\/covisian.com\/pe\/politica-de-privacidad\/\",\"url\":\"https:\/\/covisian.com\/pe\/politica-de-privacidad\/\",\"name\":\"Pol\u00edtica de privacidad - Covisian\",\"isPartOf\":{\"@id\":\"https:\/\/covisian.com\/#website\"},\"datePublished\":\"2023-07-31T16:13:40+00:00\",\"dateModified\":\"2024-11-29T08:52:51+00:00\",\"description\":\"Conoce qu\u00e9 datos recolectamos, la manera en que los usamos y procesamos, as\u00ed como tus derechos en materia de protecci\u00f3n de datos.\",\"breadcrumb\":{\"@id\":\"https:\/\/covisian.com\/pe\/politica-de-privacidad\/#breadcrumb\"},\"inLanguage\":\"es-PE\",\"potentialAction\":[{\"@type\":\"ReadAction\",\"target\":[\"https:\/\/covisian.com\/pe\/politica-de-privacidad\/\"]}]},{\"@type\":\"BreadcrumbList\",\"@id\":\"https:\/\/covisian.com\/pe\/politica-de-privacidad\/#breadcrumb\",\"itemListElement\":[{\"@type\":\"ListItem\",\"position\":1,\"name\":\"Home\",\"item\":\"https:\/\/covisian.com\/pe\/\"},{\"@type\":\"ListItem\",\"position\":2,\"name\":\"Pol\u00edtica de privacidad\"}]},{\"@type\":\"WebSite\",\"@id\":\"https:\/\/covisian.com\/#website\",\"url\":\"https:\/\/covisian.com\/\",\"name\":\"Covisian\",\"description\":\"\",\"publisher\":{\"@id\":\"https:\/\/covisian.com\/#organization\"},\"potentialAction\":[{\"@type\":\"SearchAction\",\"target\":{\"@type\":\"EntryPoint\",\"urlTemplate\":\"https:\/\/covisian.com\/?s={search_term_string}\"},\"query-input\":{\"@type\":\"PropertyValueSpecification\",\"valueRequired\":true,\"valueName\":\"search_term_string\"}}],\"inLanguage\":\"es-PE\"},{\"@type\":\"Organization\",\"@id\":\"https:\/\/covisian.com\/#organization\",\"name\":\"Covisian\",\"url\":\"https:\/\/covisian.com\/\",\"logo\":{\"@type\":\"ImageObject\",\"inLanguage\":\"es-PE\",\"@id\":\"https:\/\/covisian.com\/#\/schema\/logo\/image\/\",\"url\":\"https:\/\/covisian.com\/wp-content\/uploads\/2023\/06\/cropped-logo.png\",\"contentUrl\":\"https:\/\/covisian.com\/wp-content\/uploads\/2023\/06\/cropped-logo.png\",\"width\":464,\"height\":89,\"caption\":\"Covisian\"},\"image\":{\"@id\":\"https:\/\/covisian.com\/#\/schema\/logo\/image\/\"}}]}<\/script>\n<!-- \/ Yoast SEO plugin. -->","yoast_head_json":{"title":"Pol\u00edtica de privacidad - Covisian","description":"Conoce qu\u00e9 datos recolectamos, la manera en que los usamos y procesamos, as\u00ed como tus derechos en materia de protecci\u00f3n de datos.","robots":{"index":"index","follow":"follow","max-snippet":"max-snippet:-1","max-image-preview":"max-image-preview:large","max-video-preview":"max-video-preview:-1"},"canonical":"https:\/\/covisian.com\/pe\/wp-json\/wp\/v2\/pages\/6266","og_locale":"es_ES","og_type":"article","og_title":"Pol\u00edtica de privacidad - Covisian","og_description":"Conoce qu\u00e9 datos recolectamos, la manera en que los usamos y procesamos, as\u00ed como tus derechos en materia de protecci\u00f3n de datos.","og_url":"https:\/\/covisian.com\/pe\/politica-de-privacidad\/","og_site_name":"Covisian","article_modified_time":"2024-11-29T08:52:51+00:00","twitter_card":"summary_large_image","twitter_misc":{"Est. reading time":"6 minutos"},"schema":{"@context":"https:\/\/schema.org","@graph":[{"@type":"WebPage","@id":"https:\/\/covisian.com\/pe\/politica-de-privacidad\/","url":"https:\/\/covisian.com\/pe\/politica-de-privacidad\/","name":"Pol\u00edtica de privacidad - Covisian","isPartOf":{"@id":"https:\/\/covisian.com\/#website"},"datePublished":"2023-07-31T16:13:40+00:00","dateModified":"2024-11-29T08:52:51+00:00","description":"Conoce qu\u00e9 datos recolectamos, la manera en que los usamos y procesamos, as\u00ed como tus derechos en materia de protecci\u00f3n de datos.","breadcrumb":{"@id":"https:\/\/covisian.com\/pe\/politica-de-privacidad\/#breadcrumb"},"inLanguage":"es-PE","potentialAction":[{"@type":"ReadAction","target":["https:\/\/covisian.com\/pe\/politica-de-privacidad\/"]}]},{"@type":"BreadcrumbList","@id":"https:\/\/covisian.com\/pe\/politica-de-privacidad\/#breadcrumb","itemListElement":[{"@type":"ListItem","position":1,"name":"Home","item":"https:\/\/covisian.com\/pe\/"},{"@type":"ListItem","position":2,"name":"Pol\u00edtica de privacidad"}]},{"@type":"WebSite","@id":"https:\/\/covisian.com\/#website","url":"https:\/\/covisian.com\/","name":"Covisian","description":"","publisher":{"@id":"https:\/\/covisian.com\/#organization"},"potentialAction":[{"@type":"SearchAction","target":{"@type":"EntryPoint","urlTemplate":"https:\/\/covisian.com\/?s={search_term_string}"},"query-input":{"@type":"PropertyValueSpecification","valueRequired":true,"valueName":"search_term_string"}}],"inLanguage":"es-PE"},{"@type":"Organization","@id":"https:\/\/covisian.com\/#organization","name":"Covisian","url":"https:\/\/covisian.com\/","logo":{"@type":"ImageObject","inLanguage":"es-PE","@id":"https:\/\/covisian.com\/#\/schema\/logo\/image\/","url":"https:\/\/covisian.com\/wp-content\/uploads\/2023\/06\/cropped-logo.png","contentUrl":"https:\/\/covisian.com\/wp-content\/uploads\/2023\/06\/cropped-logo.png","width":464,"height":89,"caption":"Covisian"},"image":{"@id":"https:\/\/covisian.com\/#\/schema\/logo\/image\/"}}]}},"jetpack_sharing_enabled":true,"_links":{"self":[{"href":"https:\/\/covisian.com\/pe\/wp-json\/wp\/v2\/pages\/6266","targetHints":{"allow":["GET"]}}],"collection":[{"href":"https:\/\/covisian.com\/pe\/wp-json\/wp\/v2\/pages"}],"about":[{"href":"https:\/\/covisian.com\/pe\/wp-json\/wp\/v2\/types\/page"}],"author":[{"embeddable":true,"href":"https:\/\/covisian.com\/pe\/wp-json\/wp\/v2\/users\/20"}],"replies":[{"embeddable":true,"href":"https:\/\/covisian.com\/pe\/wp-json\/wp\/v2\/comments?post=6266"}],"version-history":[{"count":4,"href":"https:\/\/covisian.com\/pe\/wp-json\/wp\/v2\/pages\/6266\/revisions"}],"predecessor-version":[{"id":7917,"href":"https:\/\/covisian.com\/pe\/wp-json\/wp\/v2\/pages\/6266\/revisions\/7917"}],"wp:attachment":[{"href":"https:\/\/covisian.com\/pe\/wp-json\/wp\/v2\/media?parent=6266"}],"wp:term":[{"taxonomy":"industry","embeddable":true,"href":"https:\/\/covisian.com\/pe\/wp-json\/wp\/v2\/industry?post=6266"}],"curies":[{"name":"wp","href":"https:\/\/api.w.org\/{rel}","templated":true}]}}