{"id":11882,"date":"2024-04-18T12:19:04","date_gmt":"2024-04-18T10:19:04","guid":{"rendered":"https:\/\/covisian.com\/product\/cx-gaia\/"},"modified":"2024-08-08T12:01:57","modified_gmt":"2024-08-08T10:01:57","slug":"cx-gaia","status":"publish","type":"product","link":"https:\/\/covisian.com\/pe\/product\/cx-gaia\/","title":{"rendered":"CX Gaia"},"content":{"rendered":"\n<p class=\"wp-block-paragraph\"><strong>Mejore las conversaciones con la innovadora tecnolog\u00eda de BOT conversacional<\/strong>.<\/p>\n\n\n\n<p class=\"wp-block-paragraph\">Involucre a sus clientes en di\u00e1logos naturales y emp\u00e1ticos con nuestra tecnolog\u00eda NLU l\u00edder del mercado, mejorada por LLM patentados. Comprenda las necesidades y preferencias espec\u00edficas de cada cliente y ofrezca el canal adecuado en el momento adecuado de forma proactiva. Analizamos las respuestas humanas para extraer los temas m\u00e1s representativos y sus preguntas y respuestas relacionadas.<\/p>\n\n\n\n<p class=\"wp-block-paragraph\">Covisian ofrece una soluci\u00f3n que responde, llama y habla con sus clientes. Esta es capaz de calificar a los clientes potenciales y de automatizar los procesos repetitivos, reduciendo significativamente los costes. Todas las interacciones son impulsadas por la experiencia humana, emp\u00e1tica con el usuario y adaptable a lo largo del tiempo.<\/p>\n","protected":false},"featured_media":0,"parent":0,"menu_order":0,"template":"","product_category":[626],"class_list":["post-11882","product","type-product","status-publish","hentry"],"acf":[],"yoast_head":"<!-- This site is optimized with the Yoast SEO plugin v27.4 - https:\/\/yoast.com\/product\/yoast-seo-wordpress\/ -->\n<title>CX Gaia - Covisian<\/title>\n<meta name=\"robots\" content=\"index, follow, max-snippet:-1, max-image-preview:large, max-video-preview:-1\" \/>\n<link rel=\"canonical\" href=\"https:\/\/covisian.com\/pe\/wp-json\/wp\/v2\/product\/11882\" \/>\n<meta property=\"og:locale\" content=\"es_ES\" \/>\n<meta property=\"og:type\" content=\"article\" \/>\n<meta property=\"og:title\" content=\"CX Gaia - Covisian\" \/>\n<meta property=\"og:description\" content=\"Mejore las conversaciones con la innovadora tecnolog\u00eda de BOT conversacional. Involucre a sus clientes en di\u00e1logos naturales y emp\u00e1ticos con nuestra tecnolog\u00eda NLU l\u00edder del mercado, mejorada por LLM patentados. Comprenda las necesidades y preferencias espec\u00edficas de cada cliente y ofrezca el canal adecuado en el momento adecuado de forma proactiva. Analizamos las respuestas humanas [&hellip;]\" \/>\n<meta property=\"og:url\" content=\"https:\/\/covisian.com\/pe\/product\/cx-gaia\/\" \/>\n<meta property=\"og:site_name\" content=\"Covisian\" \/>\n<meta property=\"article:modified_time\" content=\"2024-08-08T10:01:57+00:00\" \/>\n<meta name=\"twitter:card\" content=\"summary_large_image\" \/>\n<meta name=\"twitter:label1\" content=\"Est. reading time\" \/>\n\t<meta name=\"twitter:data1\" content=\"1 minuto\" \/>\n<script type=\"application\/ld+json\" class=\"yoast-schema-graph\">{\"@context\":\"https:\\\/\\\/schema.org\",\"@graph\":[{\"@type\":\"WebPage\",\"@id\":\"https:\\\/\\\/covisian.com\\\/pe\\\/product\\\/cx-gaia\\\/\",\"url\":\"https:\\\/\\\/covisian.com\\\/pe\\\/product\\\/cx-gaia\\\/\",\"name\":\"CX Gaia - Covisian\",\"isPartOf\":{\"@id\":\"https:\\\/\\\/covisian.com\\\/#website\"},\"datePublished\":\"2024-04-18T10:19:04+00:00\",\"dateModified\":\"2024-08-08T10:01:57+00:00\",\"breadcrumb\":{\"@id\":\"https:\\\/\\\/covisian.com\\\/pe\\\/product\\\/cx-gaia\\\/#breadcrumb\"},\"inLanguage\":\"es-PE\",\"potentialAction\":[{\"@type\":\"ReadAction\",\"target\":[\"https:\\\/\\\/covisian.com\\\/pe\\\/product\\\/cx-gaia\\\/\"]}]},{\"@type\":\"BreadcrumbList\",\"@id\":\"https:\\\/\\\/covisian.com\\\/pe\\\/product\\\/cx-gaia\\\/#breadcrumb\",\"itemListElement\":[{\"@type\":\"ListItem\",\"position\":1,\"name\":\"Home\",\"item\":\"https:\\\/\\\/covisian.com\\\/pe\\\/\"},{\"@type\":\"ListItem\",\"position\":2,\"name\":\"CX Gaia\"}]},{\"@type\":\"WebSite\",\"@id\":\"https:\\\/\\\/covisian.com\\\/#website\",\"url\":\"https:\\\/\\\/covisian.com\\\/\",\"name\":\"Covisian\",\"description\":\"\",\"publisher\":{\"@id\":\"https:\\\/\\\/covisian.com\\\/#organization\"},\"potentialAction\":[{\"@type\":\"SearchAction\",\"target\":{\"@type\":\"EntryPoint\",\"urlTemplate\":\"https:\\\/\\\/covisian.com\\\/?s={search_term_string}\"},\"query-input\":{\"@type\":\"PropertyValueSpecification\",\"valueRequired\":true,\"valueName\":\"search_term_string\"}}],\"inLanguage\":\"es-PE\"},{\"@type\":\"Organization\",\"@id\":\"https:\\\/\\\/covisian.com\\\/#organization\",\"name\":\"Covisian\",\"url\":\"https:\\\/\\\/covisian.com\\\/\",\"logo\":{\"@type\":\"ImageObject\",\"inLanguage\":\"es-PE\",\"@id\":\"https:\\\/\\\/covisian.com\\\/#\\\/schema\\\/logo\\\/image\\\/\",\"url\":\"https:\\\/\\\/covisian.com\\\/wp-content\\\/uploads\\\/2023\\\/06\\\/cropped-logo.png\",\"contentUrl\":\"https:\\\/\\\/covisian.com\\\/wp-content\\\/uploads\\\/2023\\\/06\\\/cropped-logo.png\",\"width\":464,\"height\":89,\"caption\":\"Covisian\"},\"image\":{\"@id\":\"https:\\\/\\\/covisian.com\\\/#\\\/schema\\\/logo\\\/image\\\/\"}}]}<\/script>\n<!-- \/ Yoast SEO plugin. -->","yoast_head_json":{"title":"CX Gaia - Covisian","robots":{"index":"index","follow":"follow","max-snippet":"max-snippet:-1","max-image-preview":"max-image-preview:large","max-video-preview":"max-video-preview:-1"},"canonical":"https:\/\/covisian.com\/pe\/wp-json\/wp\/v2\/product\/11882","og_locale":"es_ES","og_type":"article","og_title":"CX Gaia - Covisian","og_description":"Mejore las conversaciones con la innovadora tecnolog\u00eda de BOT conversacional. Involucre a sus clientes en di\u00e1logos naturales y emp\u00e1ticos con nuestra tecnolog\u00eda NLU l\u00edder del mercado, mejorada por LLM patentados. Comprenda las necesidades y preferencias espec\u00edficas de cada cliente y ofrezca el canal adecuado en el momento adecuado de forma proactiva. Analizamos las respuestas humanas [&hellip;]","og_url":"https:\/\/covisian.com\/pe\/product\/cx-gaia\/","og_site_name":"Covisian","article_modified_time":"2024-08-08T10:01:57+00:00","twitter_card":"summary_large_image","twitter_misc":{"Est. reading time":"1 minuto"},"schema":{"@context":"https:\/\/schema.org","@graph":[{"@type":"WebPage","@id":"https:\/\/covisian.com\/pe\/product\/cx-gaia\/","url":"https:\/\/covisian.com\/pe\/product\/cx-gaia\/","name":"CX Gaia - Covisian","isPartOf":{"@id":"https:\/\/covisian.com\/#website"},"datePublished":"2024-04-18T10:19:04+00:00","dateModified":"2024-08-08T10:01:57+00:00","breadcrumb":{"@id":"https:\/\/covisian.com\/pe\/product\/cx-gaia\/#breadcrumb"},"inLanguage":"es-PE","potentialAction":[{"@type":"ReadAction","target":["https:\/\/covisian.com\/pe\/product\/cx-gaia\/"]}]},{"@type":"BreadcrumbList","@id":"https:\/\/covisian.com\/pe\/product\/cx-gaia\/#breadcrumb","itemListElement":[{"@type":"ListItem","position":1,"name":"Home","item":"https:\/\/covisian.com\/pe\/"},{"@type":"ListItem","position":2,"name":"CX Gaia"}]},{"@type":"WebSite","@id":"https:\/\/covisian.com\/#website","url":"https:\/\/covisian.com\/","name":"Covisian","description":"","publisher":{"@id":"https:\/\/covisian.com\/#organization"},"potentialAction":[{"@type":"SearchAction","target":{"@type":"EntryPoint","urlTemplate":"https:\/\/covisian.com\/?s={search_term_string}"},"query-input":{"@type":"PropertyValueSpecification","valueRequired":true,"valueName":"search_term_string"}}],"inLanguage":"es-PE"},{"@type":"Organization","@id":"https:\/\/covisian.com\/#organization","name":"Covisian","url":"https:\/\/covisian.com\/","logo":{"@type":"ImageObject","inLanguage":"es-PE","@id":"https:\/\/covisian.com\/#\/schema\/logo\/image\/","url":"https:\/\/covisian.com\/wp-content\/uploads\/2023\/06\/cropped-logo.png","contentUrl":"https:\/\/covisian.com\/wp-content\/uploads\/2023\/06\/cropped-logo.png","width":464,"height":89,"caption":"Covisian"},"image":{"@id":"https:\/\/covisian.com\/#\/schema\/logo\/image\/"}}]}},"jetpack_sharing_enabled":true,"_links":{"self":[{"href":"https:\/\/covisian.com\/pe\/wp-json\/wp\/v2\/product\/11882","targetHints":{"allow":["GET"]}}],"collection":[{"href":"https:\/\/covisian.com\/pe\/wp-json\/wp\/v2\/product"}],"about":[{"href":"https:\/\/covisian.com\/pe\/wp-json\/wp\/v2\/types\/product"}],"wp:attachment":[{"href":"https:\/\/covisian.com\/pe\/wp-json\/wp\/v2\/media?parent=11882"}],"wp:term":[{"taxonomy":"product_category","embeddable":true,"href":"https:\/\/covisian.com\/pe\/wp-json\/wp\/v2\/product_category?post=11882"}],"curies":[{"name":"wp","href":"https:\/\/api.w.org\/{rel}","templated":true}]}}