{"id":11894,"date":"2024-04-18T12:08:02","date_gmt":"2024-04-18T10:08:02","guid":{"rendered":"https:\/\/covisian.com\/product\/cx-predictive\/"},"modified":"2024-08-08T12:09:34","modified_gmt":"2024-08-08T10:09:34","slug":"cx-predictive","status":"publish","type":"product","link":"https:\/\/covisian.com\/pe\/product\/cx-predictive\/","title":{"rendered":"CX Predictive"},"content":{"rendered":"\n<p class=\"wp-block-paragraph\"><strong>Revolucione las ventas salientes<\/strong>.<\/p>\n\n\n\n<p class=\"wp-block-paragraph\">Diga adi\u00f3s a la saturaci\u00f3n del mercado y a la disminuci\u00f3n del rendimiento con <strong>CX\u00a0Predictive<\/strong>, la innovadora soluci\u00f3n de software de Covisian. Esta innovadora herramienta, impulsada por inteligencia artificial, automatiza el an\u00e1lisis predictivo para mejorar las campa\u00f1as de ventas y permitir la elaboraci\u00f3n avanzada de perfiles de listas. A diferencia de los enfoques y el software tradicionales centrados en la cantidad, <strong>CX Predictive<\/strong> prioriza la calidad y ofrece resultados sin precedentes.<\/p>\n\n\n\n<p class=\"wp-block-paragraph\">Con esta herramienta se reducen con facilidad los an\u00e1lisis onerosos y los flujos de trabajo que desbordan el presupuesto. <strong>CX Predictive<\/strong> ofrece una aplicaci\u00f3n simplificada y f\u00e1cil de usar que automatiza todo el proceso de ventas salientes. Con su interfaz web intuitiva, los usuarios pueden configurar sin esfuerzo cada campa\u00f1a saliente, manteniendo un control completo sobre las variables y los recursos. Una vez configurado, el software inicia un proceso de entrenamiento, capturando el mejor modelo junto con par\u00e1metros y estados intermedios. La supervisi\u00f3n continua garantiza la fiabilidad y la eficacia a lo largo del tiempo, estableciendo un nuevo est\u00e1ndar en la optimizaci\u00f3n de las ventas salientes.<\/p>\n","protected":false},"featured_media":0,"parent":0,"menu_order":0,"template":"","product_category":[624],"class_list":["post-11894","product","type-product","status-publish","hentry"],"acf":[],"yoast_head":"<!-- This site is optimized with the Yoast SEO plugin v27.3 - https:\/\/yoast.com\/product\/yoast-seo-wordpress\/ -->\n<title>CX Predictive - Covisian<\/title>\n<meta name=\"robots\" content=\"index, follow, max-snippet:-1, max-image-preview:large, max-video-preview:-1\" \/>\n<link rel=\"canonical\" href=\"https:\/\/covisian.com\/pe\/wp-json\/wp\/v2\/product\/11894\" \/>\n<meta property=\"og:locale\" content=\"es_ES\" \/>\n<meta property=\"og:type\" content=\"article\" \/>\n<meta property=\"og:title\" content=\"CX Predictive - Covisian\" \/>\n<meta property=\"og:description\" content=\"Revolucione las ventas salientes. Diga adi\u00f3s a la saturaci\u00f3n del mercado y a la disminuci\u00f3n del rendimiento con CX\u00a0Predictive, la innovadora soluci\u00f3n de software de Covisian. Esta innovadora herramienta, impulsada por inteligencia artificial, automatiza el an\u00e1lisis predictivo para mejorar las campa\u00f1as de ventas y permitir la elaboraci\u00f3n avanzada de perfiles de listas. A diferencia de [&hellip;]\" \/>\n<meta property=\"og:url\" content=\"https:\/\/covisian.com\/pe\/product\/cx-predictive\/\" \/>\n<meta property=\"og:site_name\" content=\"Covisian\" \/>\n<meta property=\"article:modified_time\" content=\"2024-08-08T10:09:34+00:00\" \/>\n<meta name=\"twitter:card\" content=\"summary_large_image\" \/>\n<meta name=\"twitter:label1\" content=\"Est. reading time\" \/>\n\t<meta name=\"twitter:data1\" content=\"1 minuto\" \/>\n<script type=\"application\/ld+json\" class=\"yoast-schema-graph\">{\"@context\":\"https:\\\/\\\/schema.org\",\"@graph\":[{\"@type\":\"WebPage\",\"@id\":\"https:\\\/\\\/covisian.com\\\/pe\\\/product\\\/cx-predictive\\\/\",\"url\":\"https:\\\/\\\/covisian.com\\\/pe\\\/product\\\/cx-predictive\\\/\",\"name\":\"CX Predictive - Covisian\",\"isPartOf\":{\"@id\":\"https:\\\/\\\/covisian.com\\\/#website\"},\"datePublished\":\"2024-04-18T10:08:02+00:00\",\"dateModified\":\"2024-08-08T10:09:34+00:00\",\"breadcrumb\":{\"@id\":\"https:\\\/\\\/covisian.com\\\/pe\\\/product\\\/cx-predictive\\\/#breadcrumb\"},\"inLanguage\":\"es-PE\",\"potentialAction\":[{\"@type\":\"ReadAction\",\"target\":[\"https:\\\/\\\/covisian.com\\\/pe\\\/product\\\/cx-predictive\\\/\"]}]},{\"@type\":\"BreadcrumbList\",\"@id\":\"https:\\\/\\\/covisian.com\\\/pe\\\/product\\\/cx-predictive\\\/#breadcrumb\",\"itemListElement\":[{\"@type\":\"ListItem\",\"position\":1,\"name\":\"Home\",\"item\":\"https:\\\/\\\/covisian.com\\\/pe\\\/\"},{\"@type\":\"ListItem\",\"position\":2,\"name\":\"CX Predictive\"}]},{\"@type\":\"WebSite\",\"@id\":\"https:\\\/\\\/covisian.com\\\/#website\",\"url\":\"https:\\\/\\\/covisian.com\\\/\",\"name\":\"Covisian\",\"description\":\"\",\"publisher\":{\"@id\":\"https:\\\/\\\/covisian.com\\\/#organization\"},\"potentialAction\":[{\"@type\":\"SearchAction\",\"target\":{\"@type\":\"EntryPoint\",\"urlTemplate\":\"https:\\\/\\\/covisian.com\\\/?s={search_term_string}\"},\"query-input\":{\"@type\":\"PropertyValueSpecification\",\"valueRequired\":true,\"valueName\":\"search_term_string\"}}],\"inLanguage\":\"es-PE\"},{\"@type\":\"Organization\",\"@id\":\"https:\\\/\\\/covisian.com\\\/#organization\",\"name\":\"Covisian\",\"url\":\"https:\\\/\\\/covisian.com\\\/\",\"logo\":{\"@type\":\"ImageObject\",\"inLanguage\":\"es-PE\",\"@id\":\"https:\\\/\\\/covisian.com\\\/#\\\/schema\\\/logo\\\/image\\\/\",\"url\":\"https:\\\/\\\/covisian.com\\\/wp-content\\\/uploads\\\/2023\\\/06\\\/cropped-logo.png\",\"contentUrl\":\"https:\\\/\\\/covisian.com\\\/wp-content\\\/uploads\\\/2023\\\/06\\\/cropped-logo.png\",\"width\":464,\"height\":89,\"caption\":\"Covisian\"},\"image\":{\"@id\":\"https:\\\/\\\/covisian.com\\\/#\\\/schema\\\/logo\\\/image\\\/\"}}]}<\/script>\n<!-- \/ Yoast SEO plugin. -->","yoast_head_json":{"title":"CX Predictive - Covisian","robots":{"index":"index","follow":"follow","max-snippet":"max-snippet:-1","max-image-preview":"max-image-preview:large","max-video-preview":"max-video-preview:-1"},"canonical":"https:\/\/covisian.com\/pe\/wp-json\/wp\/v2\/product\/11894","og_locale":"es_ES","og_type":"article","og_title":"CX Predictive - Covisian","og_description":"Revolucione las ventas salientes. Diga adi\u00f3s a la saturaci\u00f3n del mercado y a la disminuci\u00f3n del rendimiento con CX\u00a0Predictive, la innovadora soluci\u00f3n de software de Covisian. Esta innovadora herramienta, impulsada por inteligencia artificial, automatiza el an\u00e1lisis predictivo para mejorar las campa\u00f1as de ventas y permitir la elaboraci\u00f3n avanzada de perfiles de listas. A diferencia de [&hellip;]","og_url":"https:\/\/covisian.com\/pe\/product\/cx-predictive\/","og_site_name":"Covisian","article_modified_time":"2024-08-08T10:09:34+00:00","twitter_card":"summary_large_image","twitter_misc":{"Est. reading time":"1 minuto"},"schema":{"@context":"https:\/\/schema.org","@graph":[{"@type":"WebPage","@id":"https:\/\/covisian.com\/pe\/product\/cx-predictive\/","url":"https:\/\/covisian.com\/pe\/product\/cx-predictive\/","name":"CX Predictive - Covisian","isPartOf":{"@id":"https:\/\/covisian.com\/#website"},"datePublished":"2024-04-18T10:08:02+00:00","dateModified":"2024-08-08T10:09:34+00:00","breadcrumb":{"@id":"https:\/\/covisian.com\/pe\/product\/cx-predictive\/#breadcrumb"},"inLanguage":"es-PE","potentialAction":[{"@type":"ReadAction","target":["https:\/\/covisian.com\/pe\/product\/cx-predictive\/"]}]},{"@type":"BreadcrumbList","@id":"https:\/\/covisian.com\/pe\/product\/cx-predictive\/#breadcrumb","itemListElement":[{"@type":"ListItem","position":1,"name":"Home","item":"https:\/\/covisian.com\/pe\/"},{"@type":"ListItem","position":2,"name":"CX Predictive"}]},{"@type":"WebSite","@id":"https:\/\/covisian.com\/#website","url":"https:\/\/covisian.com\/","name":"Covisian","description":"","publisher":{"@id":"https:\/\/covisian.com\/#organization"},"potentialAction":[{"@type":"SearchAction","target":{"@type":"EntryPoint","urlTemplate":"https:\/\/covisian.com\/?s={search_term_string}"},"query-input":{"@type":"PropertyValueSpecification","valueRequired":true,"valueName":"search_term_string"}}],"inLanguage":"es-PE"},{"@type":"Organization","@id":"https:\/\/covisian.com\/#organization","name":"Covisian","url":"https:\/\/covisian.com\/","logo":{"@type":"ImageObject","inLanguage":"es-PE","@id":"https:\/\/covisian.com\/#\/schema\/logo\/image\/","url":"https:\/\/covisian.com\/wp-content\/uploads\/2023\/06\/cropped-logo.png","contentUrl":"https:\/\/covisian.com\/wp-content\/uploads\/2023\/06\/cropped-logo.png","width":464,"height":89,"caption":"Covisian"},"image":{"@id":"https:\/\/covisian.com\/#\/schema\/logo\/image\/"}}]}},"jetpack_sharing_enabled":true,"_links":{"self":[{"href":"https:\/\/covisian.com\/pe\/wp-json\/wp\/v2\/product\/11894","targetHints":{"allow":["GET"]}}],"collection":[{"href":"https:\/\/covisian.com\/pe\/wp-json\/wp\/v2\/product"}],"about":[{"href":"https:\/\/covisian.com\/pe\/wp-json\/wp\/v2\/types\/product"}],"wp:attachment":[{"href":"https:\/\/covisian.com\/pe\/wp-json\/wp\/v2\/media?parent=11894"}],"wp:term":[{"taxonomy":"product_category","embeddable":true,"href":"https:\/\/covisian.com\/pe\/wp-json\/wp\/v2\/product_category?post=11894"}],"curies":[{"name":"wp","href":"https:\/\/api.w.org\/{rel}","templated":true}]}}